{"id":3510,"date":"2026-03-11T08:58:37","date_gmt":"2026-03-11T07:58:37","guid":{"rendered":"https:\/\/www.lechita.de\/maquinas-lechita-2\/unfolding-unit-dc-1\/"},"modified":"2026-03-11T10:05:47","modified_gmt":"2026-03-11T09:05:47","slug":"unfolding-unit-dc-1","status":"publish","type":"page","link":"https:\/\/www.lechita.de\/es\/maquinas-lechita-2\/unfolding-unit-dc-1\/","title":{"rendered":"Unfolding Unit DC 1"},"content":{"rendered":"<p>[et_pb_section fb_built=\u00bb1&#8243; fullwidth=\u00bbon\u00bb _builder_version=\u00bb4.16&#8243; _module_preset=\u00bbdefault\u00bb top_divider_style=\u00bbramp2&#8243; top_divider_color=\u00bb#FFFFFF\u00bb top_divider_height=\u00bb50px\u00bb top_divider_color_tablet=\u00bb#FFFFFF\u00bb top_divider_color_phone=\u00bb#FFFFFF\u00bb top_divider_color_last_edited=\u00bbon|phone\u00bb top_divider_height_tablet=\u00bb50px\u00bb top_divider_height_phone=\u00bb30px\u00bb top_divider_height_last_edited=\u00bbon|phone\u00bb bottom_divider_style=\u00bbramp2&#8243; bottom_divider_color=\u00bb#FFFFFF\u00bb bottom_divider_flip=\u00bbhorizontal\u00bb bottom_divider_height_tablet=\u00bb50px\u00bb bottom_divider_height_phone=\u00bb30px\u00bb bottom_divider_height_last_edited=\u00bbon|phone\u00bb locked=\u00bboff\u00bb global_colors_info=\u00bb{}\u00bb theme_builder_area=\u00bbpost_content\u00bb][et_pb_fullwidth_header text_orientation=\u00bbcenter\u00bb header_scroll_down=\u00bbon\u00bb scroll_down_icon_size=\u00bb30px\u00bb button_one_url=\u00bb#dc-lechita\u00bb button_two_url=\u00bbhttps:\/\/www.lechita.de\/category\/news\/\u00bb background_overlay_color=\u00bbrgba(19,25,75,0.8)\u00bb scroll_down_icon_tablet=\u00bb\u00bb scroll_down_icon_phone=\u00bb\u00bb scroll_down_icon_last_edited=\u00bbon|phone\u00bb scroll_down_icon_color_tablet=\u00bbrgba(255,255,255,0)\u00bb scroll_down_icon_color_phone=\u00bbRGBA(255,255,255,0)\u00bb scroll_down_icon_color_last_edited=\u00bbon|tablet\u00bb scroll_down_icon_size_tablet=\u00bb30px\u00bb scroll_down_icon_size_phone=\u00bb\u00bb scroll_down_icon_size_last_edited=\u00bbon|tablet\u00bb content_tablet=\u00bb\u00bb content_phone=\u00bb\u00bb content_last_edited=\u00bbon|phone\u00bb _builder_version=\u00bb4.27.5&#8243; _module_preset=\u00bbdefault\u00bb title_text_color=\u00bb#FFFFFF\u00bb content_text_color=\u00bb#FFFFFF\u00bb subhead_text_color=\u00bb#FFFFFF\u00bb background_enable_color=\u00bboff\u00bb background_color_gradient_direction=\u00bb126deg\u00bb background_color_gradient_start=\u00bb#2e3191&#8243; background_color_gradient_end=\u00bb#2fac66&#8243; background_enable_image=\u00bboff\u00bb background_video_mp4=\u00bbhttps:\/\/www.lechita.de\/wp-content\/uploads\/seal_bags_working_on_multifunctional_bag_machine.mp4&#8243; custom_button_one=\u00bbon\u00bb button_one_bg_color=\u00bb#2fac66&#8243; button_one_use_icon=\u00bboff\u00bb height=\u00bb450px\u00bb custom_margin=\u00bb||||false|false\u00bb custom_padding=\u00bb80px||30px||false|false\u00bb custom_padding_tablet=\u00bb80px||30px||false|false\u00bb custom_padding_phone=\u00bb70px||||false|false\u00bb custom_padding_last_edited=\u00bbon|phone\u00bb hover_enabled=\u00bb0&#8243; global_colors_info=\u00bb{}\u00bb theme_builder_area=\u00bbpost_content\u00bb sticky_enabled=\u00bb0&#8243;]<\/p>\n<h1 class=\"et_pb_module_header\">Unfolding Unit DC 1<\/h1>\n<p>[\/et_pb_fullwidth_header][\/et_pb_section][et_pb_section fb_built=\u00bb1&#8243; prev_background_color=\u00bb#ffffff\u00bb next_background_color=\u00bb#ffffff\u00bb disabled_on=\u00bboff|off|off\u00bb module_id=\u00bbshbm\u00bb _builder_version=\u00bb4.27.4&#8243; _module_preset=\u00bbdefault\u00bb background_color=\u00bb#f4f4f4&#8243; custom_padding=\u00bb50px||34px||false|false\u00bb top_divider_style=\u00bbramp2&#8243; top_divider_height=\u00bb50px\u00bb bottom_divider_style=\u00bbramp2&#8243; bottom_divider_height=\u00bb50px\u00bb bottom_divider_flip=\u00bbhorizontal\u00bb global_colors_info=\u00bb{}\u00bb theme_builder_area=\u00bbpost_content\u00bb][et_pb_row _builder_version=\u00bb4.27.5&#8243; _module_preset=\u00bbdefault\u00bb custom_padding=\u00bb||||false|false\u00bb global_colors_info=\u00bb{}\u00bb theme_builder_area=\u00bbpost_content\u00bb][et_pb_column type=\u00bb4_4&#8243; _builder_version=\u00bb4.16&#8243; _module_preset=\u00bbdefault\u00bb global_colors_info=\u00bb{}\u00bb theme_builder_area=\u00bbpost_content\u00bb][et_pb_text admin_label=\u00bbUnfolding Unit DC 1&#8243; _builder_version=\u00bb4.27.5&#8243; _module_preset=\u00bbdefault\u00bb global_colors_info=\u00bb{}\u00bb theme_builder_area=\u00bbpost_content\u00bb]<\/p>\n<p><strong>La m\u00e1quina MBM 800 <\/strong>ha sido desarrollada para el procesamiento de l\u00e1minas barrera multicapa y tambi\u00e9n puede adaptarse para el procesamiento de l\u00e1minas retr\u00e1ctiles multicapa. Es compatible tanto con l\u00e1minas impresas como con la producci\u00f3n de bolsas en cinta. La m\u00e1quina se basa en una unidad de accionamiento principal equipada con una placa de control y un panel t\u00e1ctil, y cuenta con un sistema de gu\u00eda de bordes integrado. Incluye un dispositivo de sellado longitudinal y transversal, un transportador con dispositivo de aplicaci\u00f3n de cinta, un dispositivo de apilado con cintas electrost\u00e1ticas y el sistema de relajaci\u00f3n por retractilado. La MBM 800 tambi\u00e9n cuenta con dos ejes extensibles para ambas capas de l\u00e1mina.    <\/p>\n<p><strong>La placa de control <\/strong>es f\u00e1cil de usar y funciona con un sistema operativo basado en Windows. Ofrece una amplia gama de par\u00e1metros ajustables para garantizar una resistencia \u00f3ptima del cord\u00f3n de sellado y un rendimiento constante. Los tutoriales integrados en la pantalla t\u00e1ctil ayudan al operador en la configuraci\u00f3n, el manejo y la resoluci\u00f3n de problemas, de modo que la m\u00e1quina es f\u00e1cil de manejar incluso para los empleados menos experimentados.  <\/p>\n<p>La unidad de sellado consta de 3 calentadores longitudinales. El corte se realiza mediante una cuchilla volante. <\/p>\n<p><strong>La unidad de apilado con cinta<\/strong> transportadora es totalmente autom\u00e1tica y dispone de un sistema de recuento de bolsas. Tambi\u00e9n existe la posibilidad de instalar una unidad de expulsi\u00f3n y apilado para bolsas de aluminio.<\/p>\n<p><strong>El sistema Relax<\/strong> compensa la contracci\u00f3n del film tras el sellado y se adapta a los par\u00e1metros ajustados por el operador.<\/p>\n<p><strong>El sistema de alarma<\/strong> permite una f\u00e1cil resoluci\u00f3n de errores.<\/p>\n<p><strong>Nuestras m\u00e1quinas tambi\u00e9n est\u00e1n equipadas con barreras l\u00e1ser de seguridad electr\u00f3nicas para garantizar un funcionamiento seguro.<\/strong> Estos sistemas detienen autom\u00e1ticamente la m\u00e1quina cuando se abren las compuertas de acceso o se detecta un movimiento.<\/p>\n<p>[\/et_pb_text][\/et_pb_column][\/et_pb_row][et_pb_row column_structure=\u00bb1_3,1_3,1_3&#8243; make_equal=\u00bbon\u00bb _builder_version=\u00bb4.16&#8243; _module_preset=\u00bbdefault\u00bb custom_padding=\u00bb0px||||false|false\u00bb global_colors_info=\u00bb{}\u00bb theme_builder_area=\u00bbpost_content\u00bb][et_pb_column type=\u00bb1_3&#8243; _builder_version=\u00bb4.16&#8243; _module_preset=\u00bbdefault\u00bb custom_padding=\u00bb||||false|false\u00bb global_colors_info=\u00bb{}\u00bb theme_builder_area=\u00bbpost_content\u00bb][et_pb_video src=\u00bbhttps:\/\/www.lechita.de\/wp-content\/uploads\/Unfolding-for-Flowvac-application-1.mp4&#8243; _builder_version=\u00bb4.27.5&#8243; _module_preset=\u00bbdefault\u00bb hover_enabled=\u00bb0&#8243; global_colors_info=\u00bb{}\u00bb theme_builder_area=\u00bbpost_content\u00bb title_text=\u00bbUnfolding for Flowvac application 1&#8243; sticky_enabled=\u00bb0&#8243;][\/et_pb_video][\/et_pb_column][et_pb_column type=\u00bb1_3&#8243; _builder_version=\u00bb4.16&#8243; _module_preset=\u00bbdefault\u00bb global_colors_info=\u00bb{}\u00bb theme_builder_area=\u00bbpost_content\u00bb][et_pb_video src=\u00bbhttps:\/\/www.lechita.de\/wp-content\/uploads\/Unfolding-unit-for-Flowvac-application-2.mp4&#8243; _builder_version=\u00bb4.27.5&#8243; _module_preset=\u00bbdefault\u00bb hover_enabled=\u00bb0&#8243; global_colors_info=\u00bb{}\u00bb theme_builder_area=\u00bbpost_content\u00bb title_text=\u00bbUnfolding unit for Flowvac application 2&#8243; sticky_enabled=\u00bb0&#8243;][\/et_pb_video][\/et_pb_column][et_pb_column type=\u00bb1_3&#8243; _builder_version=\u00bb4.16&#8243; _module_preset=\u00bbdefault\u00bb global_colors_info=\u00bb{}\u00bb theme_builder_area=\u00bbpost_content\u00bb][\/et_pb_column][\/et_pb_row][\/et_pb_section][et_pb_section fb_built=\u00bb1&#8243; _builder_version=\u00bb4.27.5&#8243; _module_preset=\u00bbdefault\u00bb global_colors_info=\u00bb{}\u00bb theme_builder_area=\u00bbpost_content\u00bb disabled_on=\u00bbon|on|on\u00bb disabled=\u00bbon\u00bb collapsed=\u00bbon\u00bb][et_pb_row column_structure=\u00bb1_2,1_2&#8243; _builder_version=\u00bb4.27.5&#8243; _module_preset=\u00bbdefault\u00bb global_colors_info=\u00bb{}\u00bb theme_builder_area=\u00bbpost_content\u00bb][et_pb_column type=\u00bb1_2&#8243; _builder_version=\u00bb4.27.5&#8243; _module_preset=\u00bbdefault\u00bb global_colors_info=\u00bb{}\u00bb theme_builder_area=\u00bbpost_content\u00bb][et_pb_blurb _builder_version=\u00bb4.27.5&#8243; _module_preset=\u00bbdefault\u00bb hover_enabled=\u00bb0&#8243; global_colors_info=\u00bb{}\u00bb theme_builder_area=\u00bbpost_content\u00bb sticky_enabled=\u00bb0&#8243;]<\/p>\n<h3>Especificaci\u00f3n<\/h3>\n<ul>\n<li>Fuente de alimentaci\u00f3n: 380 V, 50\/60 Hz<\/li>\n<li>Consumo de energ\u00eda: 45 kW<\/li>\n<li>Aire comprimido necesario: 6-10 bar, 60 m3\/h<\/li>\n<li>Tama\u00f1o (ancho, largo, alto): 2,8 m x 12 m x 1,6 m<\/li>\n<li>Peso: aprox. 3000 kg<\/li>\n<li>Longitud de la bolsa: 800 mm<\/li>\n<li>Ancho m\u00e1ximo del tubo: 810 mm <\/li>\n<\/ul>\n<p>[\/et_pb_blurb][\/et_pb_column][et_pb_column type=\u00bb1_2&#8243; _builder_version=\u00bb4.27.5&#8243; _module_preset=\u00bbdefault\u00bb global_colors_info=\u00bb{}\u00bb theme_builder_area=\u00bbpost_content\u00bb][et_pb_blurb _builder_version=\u00bb4.27.5&#8243; _module_preset=\u00bbdefault\u00bb global_colors_info=\u00bb{}\u00bb theme_builder_area=\u00bbpost_content\u00bb]<\/p>\n<h3>General<\/h3>\n<ul>\n<li>Modo de trabajo simple y doble<\/li>\n<li>El devanador est\u00e1 preparado para 2 bobinas.<\/li>\n<\/ul>\n<p>[\/et_pb_blurb][\/et_pb_column][\/et_pb_row][\/et_pb_section][et_pb_section fb_built=\u00bb1&#8243; disabled_on=\u00bboff|off|off\u00bb _builder_version=\u00bb4.27.5&#8243; _module_preset=\u00bbdefault\u00bb collapsed=\u00bboff\u00bb global_colors_info=\u00bb{}\u00bb theme_builder_area=\u00bbpost_content\u00bb][et_pb_row column_structure=\u00bb1_2,1_2&#8243; module_id=\u00bbsondermaschinenbau\u00bb _builder_version=\u00bb4.16&#8243; _module_preset=\u00bbdefault\u00bb global_colors_info=\u00bb{}\u00bb theme_builder_area=\u00bbpost_content\u00bb][et_pb_column type=\u00bb1_2&#8243; _builder_version=\u00bb4.16&#8243; _module_preset=\u00bbdefault\u00bb global_colors_info=\u00bb{}\u00bb theme_builder_area=\u00bbpost_content\u00bb][et_pb_text admin_label=\u00bbHohe Flexibilit\u00e4t\u00bb _builder_version=\u00bb4.16&#8243; _module_preset=\u00bbdefault\u00bb global_colors_info=\u00bb{}\u00bb theme_builder_area=\u00bbpost_content\u00bb]<\/p>\n<h3>Alta flexibilidad<\/h3>\n<p>La flexibilidad de las m\u00e1quinas permite la producci\u00f3n de una amplia gama de bolsas como:<\/p>\n<ul>\n<li>Bolsa de sellado lateral<\/li>\n<li>Bolsa de sellado con fondo redondo<\/li>\n<li>Bolsa de sellado en V<\/li>\n<li>Bolsa de sellado inferior recto<\/li>\n<\/ul>\n<p>Con estas m\u00e1quinas tambi\u00e9n se pueden producir bolsas (simples o dobles) en una cinta.<br \/>\n[\/et_pb_text][et_pb_button button_url=\u00bbhttps:\/\/www.lechita.de\/es\/contacte-con\/\u00bb button_text=\u00bbSolicitar ahora\u00bb button_alignment=\u00bbleft\u00bb admin_label=\u00bbButton: Kontakt aufnehmen\u00bb _builder_version=\u00bb4.16&#8243; _module_preset=\u00bbdefault\u00bb global_colors_info=\u00bb{}\u00bb theme_builder_area=\u00bbpost_content\u00bb][\/et_pb_button][\/et_pb_column][et_pb_column type=\u00bb1_2&#8243; _builder_version=\u00bb4.16&#8243; _module_preset=\u00bbdefault\u00bb global_colors_info=\u00bb{}\u00bb theme_builder_area=\u00bbpost_content\u00bb][et_pb_text admin_label=\u00bbIndividuelle L\u00f6sungen\u00bb _builder_version=\u00bb4.16&#8243; _module_preset=\u00bbdefault\u00bb global_colors_info=\u00bb{}\u00bb theme_builder_area=\u00bbpost_content\u00bb]<\/p>\n<h3 style=\"text-align: left;\">Soluciones individuales<\/h3>\n<p style=\"text-align: left;\">DC lleva d\u00e9cadas asesorando a empresas sobre soluciones de envasado personalizadas. Llevamos muchos a\u00f1os trabajando exitosamente con el fabricante de m\u00e1quinas Lechita.<\/p>\n<p style=\"text-align: left;\">Al trabajar directamente en el lugar, podemos ofrecer a nuestros clientes m\u00e1quinas de embalaje individuales y soluciones de envasado optimizadas para el proceso.<\/p>\n<p style=\"text-align: left;\">Esto da lugar a m\u00e1quinas de gran calidad y eficacia, como las m\u00e1quinas de bolsas retr\u00e1ctiles con las que se pueden producir bolsas retr\u00e1ctiles de alta barrera, reciclables y bolsas de vac\u00edo para alimentos. Las bolsas constan de varias capas (5-13 capas) que prolongan muchas veces la vida \u00fatil de productos como carne, queso, aves y pescado (segunda piel).<\/p>\n<p>[\/et_pb_text][\/et_pb_column][\/et_pb_row][\/et_pb_section]<\/p>\n","protected":false},"excerpt":{"rendered":"<p>Unfolding Unit DC 1La m\u00e1quina MBM 800 ha sido desarrollada para el procesamiento de l\u00e1minas barrera multicapa y tambi\u00e9n puede adaptarse para el procesamiento de l\u00e1minas retr\u00e1ctiles multicapa. Es compatible tanto con l\u00e1minas impresas como con la producci\u00f3n de bolsas en cinta. La m\u00e1quina se basa en una unidad de accionamiento principal equipada con una [&hellip;]<\/p>\n","protected":false},"author":10,"featured_media":0,"parent":2048,"menu_order":3,"comment_status":"closed","ping_status":"closed","template":"","meta":{"_et_pb_use_builder":"on","_et_pb_old_content":"","_et_gb_content_width":"","inline_featured_image":false,"footnotes":""},"class_list":["post-3510","page","type-page","status-publish","hentry"],"yoast_head":"<!-- This site is optimized with the Yoast SEO plugin v27.3 - https:\/\/yoast.com\/product\/yoast-seo-wordpress\/ -->\n<title>Unfolding Unit DC 1 - DC - Dold Consulting<\/title>\n<meta name=\"robots\" content=\"index, follow, max-snippet:-1, max-image-preview:large, max-video-preview:-1\" \/>\n<link rel=\"canonical\" href=\"https:\/\/www.lechita.de\/es\/maquinas-lechita-2\/unfolding-unit-dc-1\/\" \/>\n<meta property=\"og:locale\" content=\"es_ES\" \/>\n<meta property=\"og:type\" content=\"article\" \/>\n<meta property=\"og:title\" content=\"Unfolding Unit DC 1 - DC - Dold Consulting\" \/>\n<meta property=\"og:description\" content=\"Unfolding Unit DC 1La m\u00e1quina MBM 800 ha sido desarrollada para el procesamiento de l\u00e1minas barrera multicapa y tambi\u00e9n puede adaptarse para el procesamiento de l\u00e1minas retr\u00e1ctiles multicapa. Es compatible tanto con l\u00e1minas impresas como con la producci\u00f3n de bolsas en cinta. La m\u00e1quina se basa en una unidad de accionamiento principal equipada con una [&hellip;]\" \/>\n<meta property=\"og:url\" content=\"https:\/\/www.lechita.de\/es\/maquinas-lechita-2\/unfolding-unit-dc-1\/\" \/>\n<meta property=\"og:site_name\" content=\"DC - Dold Consulting\" \/>\n<meta property=\"article:modified_time\" content=\"2026-03-11T09:05:47+00:00\" \/>\n<meta name=\"twitter:card\" content=\"summary_large_image\" \/>\n<meta name=\"twitter:label1\" content=\"Tiempo de lectura\" \/>\n\t<meta name=\"twitter:data1\" content=\"7 minutos\" \/>\n<script type=\"application\/ld+json\" class=\"yoast-schema-graph\">{\"@context\":\"https:\\\/\\\/schema.org\",\"@graph\":[{\"@type\":\"WebPage\",\"@id\":\"https:\\\/\\\/www.lechita.de\\\/es\\\/maquinas-lechita-2\\\/unfolding-unit-dc-1\\\/\",\"url\":\"https:\\\/\\\/www.lechita.de\\\/es\\\/maquinas-lechita-2\\\/unfolding-unit-dc-1\\\/\",\"name\":\"Unfolding Unit DC 1 - DC - Dold Consulting\",\"isPartOf\":{\"@id\":\"https:\\\/\\\/www.lechita.de\\\/es\\\/#website\"},\"datePublished\":\"2026-03-11T07:58:37+00:00\",\"dateModified\":\"2026-03-11T09:05:47+00:00\",\"breadcrumb\":{\"@id\":\"https:\\\/\\\/www.lechita.de\\\/es\\\/maquinas-lechita-2\\\/unfolding-unit-dc-1\\\/#breadcrumb\"},\"inLanguage\":\"es\",\"potentialAction\":[{\"@type\":\"ReadAction\",\"target\":[\"https:\\\/\\\/www.lechita.de\\\/es\\\/maquinas-lechita-2\\\/unfolding-unit-dc-1\\\/\"]}]},{\"@type\":\"BreadcrumbList\",\"@id\":\"https:\\\/\\\/www.lechita.de\\\/es\\\/maquinas-lechita-2\\\/unfolding-unit-dc-1\\\/#breadcrumb\",\"itemListElement\":[{\"@type\":\"ListItem\",\"position\":1,\"name\":\"Startseite\",\"item\":\"https:\\\/\\\/www.lechita.de\\\/es\\\/\"},{\"@type\":\"ListItem\",\"position\":2,\"name\":\"M\u00e1quinas Lechita\",\"item\":\"https:\\\/\\\/www.lechita.de\\\/es\\\/maquinas-lechita-2\\\/\"},{\"@type\":\"ListItem\",\"position\":3,\"name\":\"Unfolding Unit DC 1\"}]},{\"@type\":\"WebSite\",\"@id\":\"https:\\\/\\\/www.lechita.de\\\/es\\\/#website\",\"url\":\"https:\\\/\\\/www.lechita.de\\\/es\\\/\",\"name\":\"DC - Dold Consulting\",\"description\":\"Beratung und Vertrieb von Verpackungsmaschinen\",\"potentialAction\":[{\"@type\":\"SearchAction\",\"target\":{\"@type\":\"EntryPoint\",\"urlTemplate\":\"https:\\\/\\\/www.lechita.de\\\/es\\\/?s={search_term_string}\"},\"query-input\":{\"@type\":\"PropertyValueSpecification\",\"valueRequired\":true,\"valueName\":\"search_term_string\"}}],\"inLanguage\":\"es\"}]}<\/script>\n<!-- \/ Yoast SEO plugin. -->","yoast_head_json":{"title":"Unfolding Unit DC 1 - DC - Dold Consulting","robots":{"index":"index","follow":"follow","max-snippet":"max-snippet:-1","max-image-preview":"max-image-preview:large","max-video-preview":"max-video-preview:-1"},"canonical":"https:\/\/www.lechita.de\/es\/maquinas-lechita-2\/unfolding-unit-dc-1\/","og_locale":"es_ES","og_type":"article","og_title":"Unfolding Unit DC 1 - DC - Dold Consulting","og_description":"Unfolding Unit DC 1La m\u00e1quina MBM 800 ha sido desarrollada para el procesamiento de l\u00e1minas barrera multicapa y tambi\u00e9n puede adaptarse para el procesamiento de l\u00e1minas retr\u00e1ctiles multicapa. Es compatible tanto con l\u00e1minas impresas como con la producci\u00f3n de bolsas en cinta. La m\u00e1quina se basa en una unidad de accionamiento principal equipada con una [&hellip;]","og_url":"https:\/\/www.lechita.de\/es\/maquinas-lechita-2\/unfolding-unit-dc-1\/","og_site_name":"DC - Dold Consulting","article_modified_time":"2026-03-11T09:05:47+00:00","twitter_card":"summary_large_image","twitter_misc":{"Tiempo de lectura":"7 minutos"},"schema":{"@context":"https:\/\/schema.org","@graph":[{"@type":"WebPage","@id":"https:\/\/www.lechita.de\/es\/maquinas-lechita-2\/unfolding-unit-dc-1\/","url":"https:\/\/www.lechita.de\/es\/maquinas-lechita-2\/unfolding-unit-dc-1\/","name":"Unfolding Unit DC 1 - DC - Dold Consulting","isPartOf":{"@id":"https:\/\/www.lechita.de\/es\/#website"},"datePublished":"2026-03-11T07:58:37+00:00","dateModified":"2026-03-11T09:05:47+00:00","breadcrumb":{"@id":"https:\/\/www.lechita.de\/es\/maquinas-lechita-2\/unfolding-unit-dc-1\/#breadcrumb"},"inLanguage":"es","potentialAction":[{"@type":"ReadAction","target":["https:\/\/www.lechita.de\/es\/maquinas-lechita-2\/unfolding-unit-dc-1\/"]}]},{"@type":"BreadcrumbList","@id":"https:\/\/www.lechita.de\/es\/maquinas-lechita-2\/unfolding-unit-dc-1\/#breadcrumb","itemListElement":[{"@type":"ListItem","position":1,"name":"Startseite","item":"https:\/\/www.lechita.de\/es\/"},{"@type":"ListItem","position":2,"name":"M\u00e1quinas Lechita","item":"https:\/\/www.lechita.de\/es\/maquinas-lechita-2\/"},{"@type":"ListItem","position":3,"name":"Unfolding Unit DC 1"}]},{"@type":"WebSite","@id":"https:\/\/www.lechita.de\/es\/#website","url":"https:\/\/www.lechita.de\/es\/","name":"DC - Dold Consulting","description":"Beratung und Vertrieb von Verpackungsmaschinen","potentialAction":[{"@type":"SearchAction","target":{"@type":"EntryPoint","urlTemplate":"https:\/\/www.lechita.de\/es\/?s={search_term_string}"},"query-input":{"@type":"PropertyValueSpecification","valueRequired":true,"valueName":"search_term_string"}}],"inLanguage":"es"}]}},"_links":{"self":[{"href":"https:\/\/www.lechita.de\/es\/wp-json\/wp\/v2\/pages\/3510","targetHints":{"allow":["GET"]}}],"collection":[{"href":"https:\/\/www.lechita.de\/es\/wp-json\/wp\/v2\/pages"}],"about":[{"href":"https:\/\/www.lechita.de\/es\/wp-json\/wp\/v2\/types\/page"}],"author":[{"embeddable":true,"href":"https:\/\/www.lechita.de\/es\/wp-json\/wp\/v2\/users\/10"}],"replies":[{"embeddable":true,"href":"https:\/\/www.lechita.de\/es\/wp-json\/wp\/v2\/comments?post=3510"}],"version-history":[{"count":2,"href":"https:\/\/www.lechita.de\/es\/wp-json\/wp\/v2\/pages\/3510\/revisions"}],"predecessor-version":[{"id":3512,"href":"https:\/\/www.lechita.de\/es\/wp-json\/wp\/v2\/pages\/3510\/revisions\/3512"}],"up":[{"embeddable":true,"href":"https:\/\/www.lechita.de\/es\/wp-json\/wp\/v2\/pages\/2048"}],"wp:attachment":[{"href":"https:\/\/www.lechita.de\/es\/wp-json\/wp\/v2\/media?parent=3510"}],"curies":[{"name":"wp","href":"https:\/\/api.w.org\/{rel}","templated":true}]}}