{"id":2063,"date":"2022-02-10T09:31:06","date_gmt":"2022-02-10T08:31:06","guid":{"rendered":"https:\/\/www.lechita.de\/acerca-de-dc\/"},"modified":"2025-08-05T09:26:30","modified_gmt":"2025-08-05T07:26:30","slug":"acerca-de-dc","status":"publish","type":"page","link":"https:\/\/www.lechita.de\/es\/acerca-de-dc\/","title":{"rendered":"Acerca de DC"},"content":{"rendered":"<p>[et_pb_section fb_built=\u00bb1&#8243; fullwidth=\u00bbon\u00bb _builder_version=\u00bb4.16&#8243; _module_preset=\u00bbdefault\u00bb custom_padding=\u00bb||||false|false\u00bb top_divider_style=\u00bbramp2&#8243; top_divider_color=\u00bb#FFFFFF\u00bb top_divider_height=\u00bb50px\u00bb top_divider_height_tablet=\u00bb50px\u00bb top_divider_height_phone=\u00bb30px\u00bb top_divider_height_last_edited=\u00bbon|phone\u00bb bottom_divider_style=\u00bbramp2&#8243; bottom_divider_color=\u00bb#FFFFFF\u00bb bottom_divider_flip=\u00bbhorizontal\u00bb bottom_divider_color_tablet=\u00bb#FFFFFF\u00bb bottom_divider_color_phone=\u00bb#FFFFFF\u00bb bottom_divider_color_last_edited=\u00bbon|phone\u00bb bottom_divider_height_tablet=\u00bb50px\u00bb bottom_divider_height_phone=\u00bb30px\u00bb bottom_divider_height_last_edited=\u00bbon|phone\u00bb locked=\u00bboff\u00bb global_colors_info=\u00bb{}\u00bb][et_pb_fullwidth_header text_orientation=\u00bbcenter\u00bb header_scroll_down=\u00bbon\u00bb scroll_down_icon_size=\u00bb30px\u00bb button_one_text=\u00bbm\u00e1s informaci\u00f3n\u00bb button_one_url=\u00bb#beratung\u00bb background_overlay_color=\u00bbrgba(19,25,75,0.8)\u00bb scroll_down_icon_color_tablet=\u00bbRGBA(255,255,255,0)\u00bb scroll_down_icon_color_phone=\u00bbRGBA(255,255,255,0)\u00bb scroll_down_icon_color_last_edited=\u00bbon|tablet\u00bb _builder_version=\u00bb4.16&#8243; _module_preset=\u00bbdefault\u00bb title_text_color=\u00bb#FFFFFF\u00bb content_text_color=\u00bb#FFFFFF\u00bb subhead_text_color=\u00bb#FFFFFF\u00bb background_enable_color=\u00bboff\u00bb background_color_gradient_direction=\u00bb126deg\u00bb background_color_gradient_start=\u00bb#2e3191&#8243; background_color_gradient_end=\u00bb#2fac66&#8243; background_image=\u00bbhttps:\/\/www.lechita.de\/wp-content\/uploads\/SHBM_750DC.png\u00bb background_enable_video_mp4=\u00bboff\u00bb custom_button_one=\u00bbon\u00bb button_one_bg_color=\u00bb#2fac66&#8243; button_one_use_icon=\u00bboff\u00bb height=\u00bb450px\u00bb custom_margin=\u00bb||||false|false\u00bb custom_padding=\u00bb80px||30px||false|false\u00bb custom_padding_tablet=\u00bb90px||30px||false|false\u00bb custom_padding_phone=\u00bb70px||||false|false\u00bb custom_padding_last_edited=\u00bbon|phone\u00bb global_colors_info=\u00bb{}\u00bb]<\/p>\n<h1 style=\"text-align: center;\">DC &#8211; Consultor\u00eda de gesti\u00f3n<\/h1>\n<p style=\"text-align: center;\">Para empresas del sector del envasado<\/p>\n<p style=\"text-align: center;\">\n<p>[\/et_pb_fullwidth_header][\/et_pb_section][et_pb_section fb_built=\u00bb1&#8243; _builder_version=\u00bb4.16&#8243; _module_preset=\u00bbdefault\u00bb custom_padding=\u00bb32px||17px||false|false\u00bb global_colors_info=\u00bb{}\u00bb][et_pb_row _builder_version=\u00bb4.16&#8243; _module_preset=\u00bbdefault\u00bb custom_padding=\u00bb||6px|||\u00bb global_colors_info=\u00bb{}\u00bb][et_pb_column type=\u00bb4_4&#8243; _builder_version=\u00bb4.16&#8243; _module_preset=\u00bbdefault\u00bb global_colors_info=\u00bb{}\u00bb][et_pb_text _builder_version=\u00bb4.16&#8243; _module_preset=\u00bbdefault\u00bb global_colors_info=\u00bb{}\u00bb]<\/p>\n<h3 id=\"beratung\" style=\"text-align: left;\">M\u00e1s de 10 a\u00f1os DC<\/h3>\n<p>[\/et_pb_text][\/et_pb_column][\/et_pb_row][et_pb_row column_structure=\u00bb1_2,1_2&#8243; _builder_version=\u00bb4.16&#8243; _module_preset=\u00bbdefault\u00bb custom_margin=\u00bb||||false|false\u00bb custom_padding=\u00bb5px||3px||false|false\u00bb global_colors_info=\u00bb{}\u00bb][et_pb_column type=\u00bb1_2&#8243; _builder_version=\u00bb4.16&#8243; _module_preset=\u00bbdefault\u00bb custom_padding=\u00bb|20px|||false|false\u00bb global_colors_info=\u00bb{}\u00bb][et_pb_text admin_label=\u00bbBeratung\u00bb _builder_version=\u00bb4.16&#8243; _module_preset=\u00bbdefault\u00bb custom_margin=\u00bb||30px||false|false\u00bb global_colors_info=\u00bb{}\u00bb]<\/p>\n<div id=\"c42\" class=\"csc-default\">\n<div class=\"csc-textpic-text\">\n<p class=\"bodytext\">DC asesora a empresas del sector de envases Contamos con m\u00e1s de 30 a\u00f1os de experiencia en el \u00e1mbito de <a href=\"https:\/\/www.lechita.de\/es\/maquinas-lechita-2\/\">soluciones de envasado<\/a>,<a href=\"https:\/\/www.lechita.de\/es\/tecnologia-de-aplicacion\/\"> la optimizaci\u00f3n de la producci\u00f3n <\/a> y la norma de higiene <a href=\"https:\/\/www.lechita.de\/es\/norma-mundial-brc\/\">BRC<\/a>, reconocida internacionalmente.<\/p>\n<\/div>\n<\/div>\n<p>[\/et_pb_text][et_pb_button button_url=\u00bb@ET-DC@eyJkeW5hbWljIjp0cnVlLCJjb250ZW50IjoicG9zdF9saW5rX3VybF9wYWdlIiwic2V0dGluZ3MiOnsicG9zdF9pZCI6IjQyIiwiZW5hYmxlX2h0bWwiOiJvZmYifX0=@\u00bb button_text=\u00bbContacto\u00bb _builder_version=\u00bb4.16&#8243; _dynamic_attributes=\u00bbbutton_url\u00bb _module_preset=\u00bbdefault\u00bb global_colors_info=\u00bb{}\u00bb][\/et_pb_button][\/et_pb_column][et_pb_column type=\u00bb1_2&#8243; _builder_version=\u00bb4.16&#8243; _module_preset=\u00bbdefault\u00bb custom_padding=\u00bb|||20px|false|false\u00bb custom_padding_tablet=\u00bb|||0px|false|false\u00bb custom_padding_phone=\u00bb|||0px|false|false\u00bb custom_padding_last_edited=\u00bbon|tablet\u00bb global_colors_info=\u00bb{}\u00bb][et_pb_text admin_label=\u00bbUnsere Diensleistungen in der Anwendungstechnik\u00bb _builder_version=\u00bb4.16&#8243; _module_preset=\u00bbdefault\u00bb background_color=\u00bb#efefef\u00bb custom_padding=\u00bb25px|0px|5px|25px|false|false\u00bb custom_padding_tablet=\u00bb50px||||false|false\u00bb custom_padding_phone=\u00bb30px||||false|false\u00bb custom_padding_last_edited=\u00bbon|phone\u00bb border_radii=\u00bbon|10px|10px|10px|10px\u00bb locked=\u00bboff\u00bb global_colors_info=\u00bb{}\u00bb]<\/p>\n<h4 class=\"bodytext\" style=\"text-align: left;\"><b>DC \u2013 Competencias b\u00e1sicas<\/b><\/h4>\n<p><b><\/b><\/p>\n<ul>\n<li>Optimizaci\u00f3n de la producci\u00f3n<\/li>\n<li>Soluciones empresariales individuales y hol\u00edsticas<\/li>\n<li>Desarrollo y distribuci\u00f3n de m\u00e1quinas<\/li>\n<li>Asesoramiento sobre la aplicaci\u00f3n de soluciones de envasado<\/li>\n<\/ul>\n<p>[\/et_pb_text][\/et_pb_column][\/et_pb_row][\/et_pb_section][et_pb_section fb_built=\u00bb1&#8243; custom_padding_last_edited=\u00bbon|tablet\u00bb prev_background_color=\u00bb#ffffff\u00bb next_background_color=\u00bb#ffffff\u00bb _builder_version=\u00bb4.26.0&#8243; _module_preset=\u00bbdefault\u00bb background_color=\u00bb#f4f4f4&#8243; background_image=\u00bbhttps:\/\/www.lechita.de\/wp-content\/uploads\/background.jpg\u00bb custom_padding=\u00bb122px||120px||false|false\u00bb custom_padding_tablet=\u00bb100px||||false|false\u00bb custom_padding_phone=\u00bb100px||||false|false\u00bb top_divider_style=\u00bbramp2&#8243; top_divider_height=\u00bb100px\u00bb top_divider_style_tablet=\u00bbramp2&#8243; top_divider_style_phone=\u00bbramp2&#8243; top_divider_style_last_edited=\u00bbon|tablet\u00bb top_divider_height_tablet=\u00bb100px\u00bb top_divider_height_phone=\u00bb30px\u00bb top_divider_height_last_edited=\u00bbon|phone\u00bb bottom_divider_style=\u00bbramp2&#8243; bottom_divider_height=\u00bb100px\u00bb bottom_divider_flip=\u00bbhorizontal\u00bb bottom_divider_style_tablet=\u00bbramp2&#8243; bottom_divider_style_phone=\u00bbramp2&#8243; bottom_divider_style_last_edited=\u00bbon|tablet\u00bb bottom_divider_height_tablet=\u00bb100px\u00bb bottom_divider_height_phone=\u00bb30px\u00bb bottom_divider_height_last_edited=\u00bbon|phone\u00bb animation_style=\u00bbfade\u00bb background_last_edited=\u00bbon|phone\u00bb global_module=\u00bb3200&#8243; saved_tabs=\u00bball\u00bb global_colors_info=\u00bb{}\u00bb][et_pb_row _builder_version=\u00bb4.16&#8243; _module_preset=\u00bbdefault\u00bb width_tablet=\u00bb\u00bb width_phone=\u00bb80%\u00bb width_last_edited=\u00bbon|phone\u00bb custom_padding=\u00bb||26px|||\u00bb global_colors_info=\u00bb{}\u00bb][et_pb_column type=\u00bb4_4&#8243; _builder_version=\u00bb4.16&#8243; _module_preset=\u00bbdefault\u00bb global_colors_info=\u00bb{}\u00bb][et_pb_text admin_label=\u00bbMeet us\u00bb _builder_version=\u00bb4.27.4&#8243; _module_preset=\u00bbdefault\u00bb header_text_color=\u00bb#FFFFFF\u00bb header_2_text_color=\u00bb#FFFFFF\u00bb custom_margin=\u00bb||||false|false\u00bb custom_padding=\u00bb||||false|false\u00bb hover_enabled=\u00bb0&#8243; global_colors_info=\u00bb{}\u00bb background_layout=\u00bbdark\u00bb sticky_enabled=\u00bb0&#8243;]<\/p>\n<h2 style=\"text-align: center;\">Fechas actuales de ferias para DC 2025<\/h2>\n<p>[\/et_pb_text][\/et_pb_column][\/et_pb_row][et_pb_row column_structure=\u00bb1_2,1_2&#8243; _builder_version=\u00bb4.26.0&#8243; _module_preset=\u00bbdefault\u00bb background_color=\u00bbrgba(255,255,255,0.68)\u00bb width_tablet=\u00bb\u00bb width_phone=\u00bb95%\u00bb width_last_edited=\u00bbon|phone\u00bb custom_margin=\u00bb0px||0px||false|false\u00bb custom_padding=\u00bb20px|20px|8px|20px|false|false\u00bb border_radii=\u00bbon|5px|5px|5px|5px\u00bb global_colors_info=\u00bb{}\u00bb width__hover_enabled=\u00bbon|desktop\u00bb][et_pb_column type=\u00bb1_2&#8243; _builder_version=\u00bb4.16&#8243; _module_preset=\u00bbdefault\u00bb global_colors_info=\u00bb{}\u00bb][et_pb_image src=\u00bbhttps:\/\/www.lechita.de\/wp-content\/uploads\/filters_no_upscale.png\u00bb title_text=\u00bbfilters_no_upscale()\u00bb url=\u00bbhttps:\/\/expocarnes.com\/home\u00bb url_new_window=\u00bbon\u00bb _builder_version=\u00bb4.27.4&#8243; _module_preset=\u00bbdefault\u00bb width=\u00bb34%\u00bb global_colors_info=\u00bb{}\u00bb][\/et_pb_image][et_pb_text _builder_version=\u00bb4.27.4&#8243; _module_preset=\u00bbdefault\u00bb global_colors_info=\u00bb{}\u00bb]<\/p>\n<p><strong>Gulfood Manufactoring \/ Dubai<\/strong><br \/>04.11. &#8211; 06.11.2025<\/p>\n<div class=\"hall-stand\">\n<p><a href=\"https:\/\/www.gulfoodmanufacturing.com\/\" target=\"_blank\" rel=\"noopener\"><span style=\"color: #0a0202;\"><u>M\u00e1s informaci\u00f3n<\/u><\/span><\/a><\/p>\n<\/div>\n<p>&nbsp;<\/p>\n<p>[\/et_pb_text][\/et_pb_column][et_pb_column type=\u00bb1_2&#8243; _builder_version=\u00bb4.16&#8243; _module_preset=\u00bbdefault\u00bb global_colors_info=\u00bb{}\u00bb][et_pb_image src=\u00bbhttps:\/\/www.lechita.de\/wp-content\/uploads\/logo_CPS_2026.svg\u00bb title_text=\u00bblogo_CPS_2026&#8243; url=\u00bbhttps:\/\/www.propakasia.com\/ppka\/2025\/en\/index.asp\u00bb url_new_window=\u00bbon\u00bb _builder_version=\u00bb4.27.4&#8243; _module_preset=\u00bbdefault\u00bb width=\u00bb65%\u00bb global_colors_info=\u00bb{}\u00bb][\/et_pb_image][et_pb_text _builder_version=\u00bb4.27.4&#8243; _module_preset=\u00bbdefault\u00bb global_colors_info=\u00bb{}\u00bb]<\/p>\n<p><strong>PPKA: Chinaplas 2026<\/strong><br \/>21.04. &#8211; 24.04.2026<\/p>\n<p><a href=\"https:\/\/www.chinaplasonline.com\/\" _blank=\"\" rel=\"noopener\"><span style=\"text-decoration: underline; color: #0a0101;\">M\u00e1s informaci\u00f3n<\/span><\/a><\/p>\n<p>[\/et_pb_text][\/et_pb_column][\/et_pb_row][\/et_pb_section][et_pb_section fb_built=\u00bb1&#8243; _builder_version=\u00bb4.16&#8243; _module_preset=\u00bbdefault\u00bb global_colors_info=\u00bb{}\u00bb][et_pb_row column_structure=\u00bb1_2,1_2&#8243; _builder_version=\u00bb4.16&#8243; _module_preset=\u00bbdefault\u00bb custom_padding=\u00bb67px||31px|||\u00bb global_colors_info=\u00bb{}\u00bb][et_pb_column type=\u00bb1_2&#8243; _builder_version=\u00bb4.16&#8243; _module_preset=\u00bbdefault\u00bb global_colors_info=\u00bb{}\u00bb][et_pb_text _builder_version=\u00bb4.16&#8243; _module_preset=\u00bbdefault\u00bb min_height=\u00bb258.3px\u00bb custom_margin=\u00bb||28px|||\u00bb custom_padding=\u00bb||4px|||\u00bb global_colors_info=\u00bb{}\u00bb]<\/p>\n<h3>Soluciones empresariales individuales<\/h3>\n<p>Ofrecemos a nuestros clientes soluciones empresariales individuales y orientadas al medio ambiente. Analizamos el proceso de producci\u00f3n y ofrecemos soluciones de envasado adaptadas a cada empresa.<\/p>\n<p>Adem\u00e1s, se pueden dise\u00f1ar y fabricar m\u00e1quinas especiales a petici\u00f3n del cliente mediante la construcci\u00f3n de m\u00e1quinas especiales.<\/p>\n<p>[\/et_pb_text][\/et_pb_column][et_pb_column type=\u00bb1_2&#8243; _builder_version=\u00bb4.16&#8243; _module_preset=\u00bbdefault\u00bb global_colors_info=\u00bb{}\u00bb][et_pb_text admin_label=\u00bbUnser Partner\u00bb _builder_version=\u00bb4.16&#8243; _module_preset=\u00bbdefault\u00bb custom_margin=\u00bb||-11px|||\u00bb custom_padding=\u00bb0px||||false|false\u00bb global_colors_info=\u00bb{}\u00bb]<\/p>\n<h3 style=\"text-align: left;\">Nuestro socio<\/h3>\n<p>[\/et_pb_text][et_pb_image src=\u00bbhttps:\/\/www.lechita.de\/wp-content\/uploads\/lechita-logo.svg\u00bb title_text=\u00bblechita-logo\u00bb url=\u00bbhttps:\/\/www.lechita.de\/es\/maquinas-lechita-2\/\u00bb admin_label=\u00bbLechita Logo\u00bb _builder_version=\u00bb4.16&#8243; _module_preset=\u00bbdefault\u00bb width=\u00bb50%\u00bb width_tablet=\u00bb30%\u00bb width_phone=\u00bb55%\u00bb width_last_edited=\u00bbon|phone\u00bb custom_margin=\u00bb||||false|false\u00bb custom_padding=\u00bb||||false|false\u00bb global_colors_info=\u00bb{}\u00bb][\/et_pb_image][et_pb_button button_url=\u00bb@ET-DC@eyJkeW5hbWljIjp0cnVlLCJjb250ZW50IjoicG9zdF9saW5rX3VybF9wYWdlIiwic2V0dGluZ3MiOnsicG9zdF9pZCI6IjIzIiwiZW5hYmxlX2h0bWwiOiJvZmYifX0=@\u00bb button_text=\u00bbM\u00e1s informaci\u00f3n sobre las m\u00e1quinas Lechita\u00bb module_class=\u00bbet_pb_button&#8211;secondary\u00bb _builder_version=\u00bb4.16&#8243; _dynamic_attributes=\u00bbbutton_url\u00bb _module_preset=\u00bbdefault\u00bb global_colors_info=\u00bb{}\u00bb][\/et_pb_button][\/et_pb_column][\/et_pb_row][\/et_pb_section]<\/p>\n","protected":false},"excerpt":{"rendered":"<p>DC &#8211; Consultor\u00eda de gesti\u00f3n Para empresas del sector del envasado M\u00e1s de 10 a\u00f1os DC DC asesora a empresas del sector de envases Contamos con m\u00e1s de 30 a\u00f1os de experiencia en el \u00e1mbito de soluciones de envasado, la optimizaci\u00f3n de la producci\u00f3n y la norma de higiene BRC, reconocida internacionalmente. DC \u2013 Competencias [&hellip;]<\/p>\n","protected":false},"author":10,"featured_media":0,"parent":0,"menu_order":0,"comment_status":"closed","ping_status":"closed","template":"","meta":{"_et_pb_use_builder":"on","_et_pb_old_content":"","_et_gb_content_width":"","inline_featured_image":false,"footnotes":""},"class_list":["post-2063","page","type-page","status-publish","hentry"],"yoast_head":"<!-- This site is optimized with the Yoast SEO plugin v27.3 - https:\/\/yoast.com\/product\/yoast-seo-wordpress\/ -->\n<title>Acerca de DC - DC - Dold Consulting<\/title>\n<meta name=\"robots\" content=\"index, follow, max-snippet:-1, max-image-preview:large, max-video-preview:-1\" \/>\n<link rel=\"canonical\" href=\"https:\/\/www.lechita.de\/es\/acerca-de-dc\/\" \/>\n<meta property=\"og:locale\" content=\"es_ES\" \/>\n<meta property=\"og:type\" content=\"article\" \/>\n<meta property=\"og:title\" content=\"Acerca de DC - DC - Dold Consulting\" \/>\n<meta property=\"og:description\" content=\"DC - Consultor\u00eda de gesti\u00f3n Para empresas del sector del envasado M\u00e1s de 10 a\u00f1os DC DC asesora a empresas del sector de envases Contamos con m\u00e1s de 30 a\u00f1os de experiencia en el \u00e1mbito de soluciones de envasado, la optimizaci\u00f3n de la producci\u00f3n y la norma de higiene BRC, reconocida internacionalmente. DC \u2013 Competencias [&hellip;]\" \/>\n<meta property=\"og:url\" content=\"https:\/\/www.lechita.de\/es\/acerca-de-dc\/\" \/>\n<meta property=\"og:site_name\" content=\"DC - Dold Consulting\" \/>\n<meta property=\"article:modified_time\" content=\"2025-08-05T07:26:30+00:00\" \/>\n<meta name=\"twitter:card\" content=\"summary_large_image\" \/>\n<meta name=\"twitter:label1\" content=\"Tiempo de lectura\" \/>\n\t<meta name=\"twitter:data1\" content=\"7 minutos\" \/>\n<script type=\"application\/ld+json\" class=\"yoast-schema-graph\">{\"@context\":\"https:\\\/\\\/schema.org\",\"@graph\":[{\"@type\":\"WebPage\",\"@id\":\"https:\\\/\\\/www.lechita.de\\\/es\\\/acerca-de-dc\\\/\",\"url\":\"https:\\\/\\\/www.lechita.de\\\/es\\\/acerca-de-dc\\\/\",\"name\":\"Acerca de DC - DC - Dold Consulting\",\"isPartOf\":{\"@id\":\"https:\\\/\\\/www.lechita.de\\\/es\\\/#website\"},\"datePublished\":\"2022-02-10T08:31:06+00:00\",\"dateModified\":\"2025-08-05T07:26:30+00:00\",\"breadcrumb\":{\"@id\":\"https:\\\/\\\/www.lechita.de\\\/es\\\/acerca-de-dc\\\/#breadcrumb\"},\"inLanguage\":\"es\",\"potentialAction\":[{\"@type\":\"ReadAction\",\"target\":[\"https:\\\/\\\/www.lechita.de\\\/es\\\/acerca-de-dc\\\/\"]}]},{\"@type\":\"BreadcrumbList\",\"@id\":\"https:\\\/\\\/www.lechita.de\\\/es\\\/acerca-de-dc\\\/#breadcrumb\",\"itemListElement\":[{\"@type\":\"ListItem\",\"position\":1,\"name\":\"Startseite\",\"item\":\"https:\\\/\\\/www.lechita.de\\\/es\\\/\"},{\"@type\":\"ListItem\",\"position\":2,\"name\":\"Acerca de DC\"}]},{\"@type\":\"WebSite\",\"@id\":\"https:\\\/\\\/www.lechita.de\\\/es\\\/#website\",\"url\":\"https:\\\/\\\/www.lechita.de\\\/es\\\/\",\"name\":\"DC - Dold Consulting\",\"description\":\"Beratung und Vertrieb von Verpackungsmaschinen\",\"potentialAction\":[{\"@type\":\"SearchAction\",\"target\":{\"@type\":\"EntryPoint\",\"urlTemplate\":\"https:\\\/\\\/www.lechita.de\\\/es\\\/?s={search_term_string}\"},\"query-input\":{\"@type\":\"PropertyValueSpecification\",\"valueRequired\":true,\"valueName\":\"search_term_string\"}}],\"inLanguage\":\"es\"}]}<\/script>\n<!-- \/ Yoast SEO plugin. -->","yoast_head_json":{"title":"Acerca de DC - DC - Dold Consulting","robots":{"index":"index","follow":"follow","max-snippet":"max-snippet:-1","max-image-preview":"max-image-preview:large","max-video-preview":"max-video-preview:-1"},"canonical":"https:\/\/www.lechita.de\/es\/acerca-de-dc\/","og_locale":"es_ES","og_type":"article","og_title":"Acerca de DC - DC - Dold Consulting","og_description":"DC - Consultor\u00eda de gesti\u00f3n Para empresas del sector del envasado M\u00e1s de 10 a\u00f1os DC DC asesora a empresas del sector de envases Contamos con m\u00e1s de 30 a\u00f1os de experiencia en el \u00e1mbito de soluciones de envasado, la optimizaci\u00f3n de la producci\u00f3n y la norma de higiene BRC, reconocida internacionalmente. DC \u2013 Competencias [&hellip;]","og_url":"https:\/\/www.lechita.de\/es\/acerca-de-dc\/","og_site_name":"DC - Dold Consulting","article_modified_time":"2025-08-05T07:26:30+00:00","twitter_card":"summary_large_image","twitter_misc":{"Tiempo de lectura":"7 minutos"},"schema":{"@context":"https:\/\/schema.org","@graph":[{"@type":"WebPage","@id":"https:\/\/www.lechita.de\/es\/acerca-de-dc\/","url":"https:\/\/www.lechita.de\/es\/acerca-de-dc\/","name":"Acerca de DC - DC - Dold Consulting","isPartOf":{"@id":"https:\/\/www.lechita.de\/es\/#website"},"datePublished":"2022-02-10T08:31:06+00:00","dateModified":"2025-08-05T07:26:30+00:00","breadcrumb":{"@id":"https:\/\/www.lechita.de\/es\/acerca-de-dc\/#breadcrumb"},"inLanguage":"es","potentialAction":[{"@type":"ReadAction","target":["https:\/\/www.lechita.de\/es\/acerca-de-dc\/"]}]},{"@type":"BreadcrumbList","@id":"https:\/\/www.lechita.de\/es\/acerca-de-dc\/#breadcrumb","itemListElement":[{"@type":"ListItem","position":1,"name":"Startseite","item":"https:\/\/www.lechita.de\/es\/"},{"@type":"ListItem","position":2,"name":"Acerca de DC"}]},{"@type":"WebSite","@id":"https:\/\/www.lechita.de\/es\/#website","url":"https:\/\/www.lechita.de\/es\/","name":"DC - Dold Consulting","description":"Beratung und Vertrieb von Verpackungsmaschinen","potentialAction":[{"@type":"SearchAction","target":{"@type":"EntryPoint","urlTemplate":"https:\/\/www.lechita.de\/es\/?s={search_term_string}"},"query-input":{"@type":"PropertyValueSpecification","valueRequired":true,"valueName":"search_term_string"}}],"inLanguage":"es"}]}},"_links":{"self":[{"href":"https:\/\/www.lechita.de\/es\/wp-json\/wp\/v2\/pages\/2063","targetHints":{"allow":["GET"]}}],"collection":[{"href":"https:\/\/www.lechita.de\/es\/wp-json\/wp\/v2\/pages"}],"about":[{"href":"https:\/\/www.lechita.de\/es\/wp-json\/wp\/v2\/types\/page"}],"author":[{"embeddable":true,"href":"https:\/\/www.lechita.de\/es\/wp-json\/wp\/v2\/users\/10"}],"replies":[{"embeddable":true,"href":"https:\/\/www.lechita.de\/es\/wp-json\/wp\/v2\/comments?post=2063"}],"version-history":[{"count":65,"href":"https:\/\/www.lechita.de\/es\/wp-json\/wp\/v2\/pages\/2063\/revisions"}],"predecessor-version":[{"id":3341,"href":"https:\/\/www.lechita.de\/es\/wp-json\/wp\/v2\/pages\/2063\/revisions\/3341"}],"wp:attachment":[{"href":"https:\/\/www.lechita.de\/es\/wp-json\/wp\/v2\/media?parent=2063"}],"curies":[{"name":"wp","href":"https:\/\/api.w.org\/{rel}","templated":true}]}}