{"id":2057,"date":"2022-02-10T09:30:25","date_gmt":"2022-02-10T08:30:25","guid":{"rendered":"https:\/\/www.lechita.de\/tecnologia-de-aplicacion\/"},"modified":"2022-05-10T15:44:57","modified_gmt":"2022-05-10T13:44:57","slug":"tecnologia-de-aplicacion","status":"publish","type":"page","link":"https:\/\/www.lechita.de\/es\/tecnologia-de-aplicacion\/","title":{"rendered":"Tecnolog\u00eda de aplicaci\u00f3n"},"content":{"rendered":"<p>[et_pb_section fb_built=\u00bb1&#8243; fullwidth=\u00bbon\u00bb _builder_version=\u00bb4.14.7&#8243; _module_preset=\u00bbdefault\u00bb custom_margin=\u00bb||||false|false\u00bb custom_padding=\u00bb||||false|false\u00bb top_divider_style=\u00bbramp2&#8243; top_divider_color=\u00bb#FFFFFF\u00bb top_divider_height=\u00bb50px\u00bb top_divider_height_tablet=\u00bb50px\u00bb top_divider_height_phone=\u00bb30px\u00bb top_divider_height_last_edited=\u00bbon|phone\u00bb bottom_divider_style=\u00bbramp2&#8243; bottom_divider_color=\u00bb#FFFFFF\u00bb bottom_divider_flip=\u00bbhorizontal\u00bb bottom_divider_height_tablet=\u00bb50px\u00bb bottom_divider_height_phone=\u00bb30px\u00bb bottom_divider_height_last_edited=\u00bbon|phone\u00bb locked=\u00bboff\u00bb global_colors_info=\u00bb{}\u00bb][et_pb_fullwidth_header text_orientation=\u00bbcenter\u00bb header_scroll_down=\u00bbon\u00bb scroll_down_icon_size=\u00bb30px\u00bb button_one_text=\u00bbm\u00e1s informaci\u00f3n\u00bb button_one_url=\u00bb#analyse\u00bb background_overlay_color=\u00bbrgba(19,25,75,0.8)\u00bb scroll_down_icon_color_tablet=\u00bbRGBA(255,255,255,0)\u00bb scroll_down_icon_color_phone=\u00bbRGBA(255,255,255,0)\u00bb scroll_down_icon_color_last_edited=\u00bbon|tablet\u00bb _builder_version=\u00bb4.14.7&#8243; _module_preset=\u00bbdefault\u00bb title_text_color=\u00bb#FFFFFF\u00bb content_text_color=\u00bb#FFFFFF\u00bb subhead_text_color=\u00bb#FFFFFF\u00bb background_enable_color=\u00bboff\u00bb background_color_gradient_start=\u00bb#2e3191&#8243; background_color_gradient_end=\u00bb#2fac66&#8243; background_color_gradient_direction=\u00bb126deg\u00bb background_image=\u00bbhttps:\/\/www.lechita.de\/wp-content\/uploads\/DSC00358.jpg\u00bb background_enable_video_mp4=\u00bboff\u00bb custom_button_one=\u00bbon\u00bb button_one_use_icon=\u00bboff\u00bb height=\u00bb450px\u00bb custom_margin=\u00bb||||false|false\u00bb custom_margin_tablet=\u00bb||||false|false\u00bb custom_margin_phone=\u00bb||||false|false\u00bb custom_margin_last_edited=\u00bbon|phone\u00bb custom_padding=\u00bb90px||30px||false|false\u00bb global_colors_info=\u00bb{}\u00bb]<\/p>\n<h1 style=\"text-align: center;\">Tecnolog\u00eda de aplicaci\u00f3n<\/h1>\n<p style=\"text-align: center;\">Optimizaci\u00f3n de la producci\u00f3n | Sostenibilidad | Calidad<\/p>\n<p>[\/et_pb_fullwidth_header][\/et_pb_section][et_pb_section fb_built=\u00bb1&#8243; _builder_version=\u00bb4.14.7&#8243; _module_preset=\u00bbdefault\u00bb custom_margin=\u00bb21px|||||\u00bb custom_padding=\u00bb8px||0px|||\u00bb locked=\u00bboff\u00bb global_colors_info=\u00bb{}\u00bb][et_pb_row column_structure=\u00bb1_2,1_2&#8243; _builder_version=\u00bb4.14.7&#8243; _module_preset=\u00bbdefault\u00bb global_colors_info=\u00bb{}\u00bb][et_pb_column type=\u00bb1_2&#8243; _builder_version=\u00bb4.14.7&#8243; _module_preset=\u00bbdefault\u00bb global_colors_info=\u00bb{}\u00bb][et_pb_text _builder_version=\u00bb4.14.7&#8243; _module_preset=\u00bbdefault\u00bb width=\u00bb100%\u00bb custom_margin=\u00bb||30px||false|false\u00bb custom_padding=\u00bb|60px||||\u00bb global_colors_info=\u00bb{}\u00bb]<\/p>\n<h3 id=\"analyse\">1. An\u00e1lisis<\/h3>\n<p>En el lugar, analizamos el flujo de producci\u00f3n y las m\u00e1quinas de envasado integradas en el proceso.<\/p>\n<p>A partir de ah\u00ed, desarrollamos un concepto sostenible para la optimizaci\u00f3n de la producci\u00f3n.[\/et_pb_text][\/et_pb_column][et_pb_column type=\u00bb1_2&#8243; _builder_version=\u00bb4.14.7&#8243; _module_preset=\u00bbdefault\u00bb global_colors_info=\u00bb{}\u00bb][et_pb_text admin_label=\u00bbUnsere Diensleistungen in der Anwendungstechnik\u00bb _builder_version=\u00bb4.14.7&#8243; _module_preset=\u00bbdefault\u00bb background_color=\u00bb#efefef\u00bb custom_padding=\u00bb25px|0px|5px|25px|false|false\u00bb custom_padding_tablet=\u00bb50px||||false|false\u00bb custom_padding_phone=\u00bb30px||||false|false\u00bb custom_padding_last_edited=\u00bbon|phone\u00bb border_radii=\u00bbon|10px|10px|10px|10px\u00bb global_colors_info=\u00bb{}\u00bb]<\/p>\n<h4 class=\"bodytext\" style=\"text-align: left;\"><b>Servicio en tecnolog\u00eda de aplicaciones<\/b><\/h4>\n<p><b><\/b><\/p>\n<ul>\n<li style=\"text-align: left;\">Consejos sobre el producto<\/li>\n<li style=\"text-align: left;\">Optimizaci\u00f3n de la producci\u00f3n<\/li>\n<li style=\"text-align: left;\">Resoluci\u00f3n de problemas in situ<\/li>\n<li style=\"text-align: left;\">Sugerencias de mejora<\/li>\n<li style=\"text-align: left;\">Adaptaci\u00f3n de la maquinaria existente<\/li>\n<\/ul>\n<p>[\/et_pb_text][\/et_pb_column][\/et_pb_row][\/et_pb_section][et_pb_section fb_built=\u00bb1&#8243; prev_background_color=\u00bb#ffffff\u00bb next_background_color=\u00bb#ffffff\u00bb _builder_version=\u00bb4.14.7&#8243; _module_preset=\u00bbdefault\u00bb background_color=\u00bb#efefef\u00bb custom_margin=\u00bb0px||||false|false\u00bb custom_padding=\u00bb||86px|||\u00bb top_divider_style=\u00bbramp2&#8243; bottom_divider_style=\u00bbramp2&#8243; bottom_divider_flip=\u00bbhorizontal\u00bb global_colors_info=\u00bb{}\u00bb][et_pb_row column_structure=\u00bb2_3,1_3&#8243; make_equal=\u00bbon\u00bb disabled_on=\u00bboff|off|off\u00bb _builder_version=\u00bb4.14.7&#8243; _module_preset=\u00bbdefault\u00bb custom_margin=\u00bb||||false|false\u00bb custom_padding=\u00bb71px||23px||false|false\u00bb global_colors_info=\u00bb{}\u00bb][et_pb_column type=\u00bb2_3&#8243; _builder_version=\u00bb4.14.7&#8243; _module_preset=\u00bbdefault\u00bb global_colors_info=\u00bb{}\u00bb][et_pb_text admin_label=\u00bbProduktionsoptimierung\u00bb _builder_version=\u00bb4.14.7&#8243; _module_preset=\u00bbdefault\u00bb header_text_align=\u00bbcenter\u00bb text_orientation=\u00bbcenter\u00bb global_colors_info=\u00bb{}\u00bb]<\/p>\n<h3 id=\"produktionsoptimierung\" style=\"text-align: left;\">2. Optimizaci\u00f3n de la producci\u00f3n<\/h3>\n<p style=\"text-align: left;\">La optimizaci\u00f3n de la producci\u00f3n consiste en maximizar de forma sostenible el proceso existente de un flujo de producci\u00f3n basado en nuestro concepto. En colaboraci\u00f3n con usted, aplicamos las mejoras y le ponemos en el buen camino.<\/p>\n<p style=\"text-align: left;\">Adem\u00e1s de una mayor calidad de los productos fabricados, la optimizaci\u00f3n suele tener como objetivo el ahorro de costos.<\/p>\n<p>[\/et_pb_text][\/et_pb_column][et_pb_column type=\u00bb1_3&#8243; _builder_version=\u00bb4.14.7&#8243; _module_preset=\u00bbdefault\u00bb global_colors_info=\u00bb{}\u00bb][et_pb_image src=\u00bbhttps:\/\/www.lechita.de\/wp-content\/uploads\/multifunctional-bag-machine-with-folding-unit-e1646127093222.png\u00bb title_text=\u00bbmultifunctional-bag-machine-with-folding-unit\u00bb align=\u00bbcenter\u00bb align_tablet=\u00bbcenter\u00bb align_phone=\u00bbcenter\u00bb align_last_edited=\u00bbon|phone\u00bb _builder_version=\u00bb4.14.7&#8243; _module_preset=\u00bbdefault\u00bb width_tablet=\u00bb45%\u00bb width_phone=\u00bb60%\u00bb width_last_edited=\u00bbon|tablet\u00bb border_radii=\u00bbon|10px|10px|10px|10px\u00bb global_colors_info=\u00bb{}\u00bb][\/et_pb_image][\/et_pb_column][\/et_pb_row][\/et_pb_section][et_pb_section fb_built=\u00bb1&#8243; _builder_version=\u00bb4.14.7&#8243; _module_preset=\u00bbdefault\u00bb custom_padding=\u00bb16px||30px|||\u00bb global_colors_info=\u00bb{}\u00bb][et_pb_row make_equal=\u00bbon\u00bb disabled_on=\u00bboff|off|off\u00bb _builder_version=\u00bb4.14.7&#8243; _module_preset=\u00bbdefault\u00bb custom_margin=\u00bb20px|auto|12px|auto|false|false\u00bb custom_padding=\u00bb24px||5px|||\u00bb global_colors_info=\u00bb{}\u00bb][et_pb_column type=\u00bb4_4&#8243; _builder_version=\u00bb4.14.7&#8243; _module_preset=\u00bbdefault\u00bb global_colors_info=\u00bb{}\u00bb][et_pb_text admin_label=\u00bbNachaltigkeit\u00bb _builder_version=\u00bb4.14.7&#8243; _module_preset=\u00bbdefault\u00bb header_text_align=\u00bbcenter\u00bb text_orientation=\u00bbcenter\u00bb global_colors_info=\u00bb{}\u00bb]<\/p>\n<h3 style=\"text-align: left;\">3. Sostenibilidad<\/h3>\n<p style=\"text-align: left;\">Por sostenibilidad entendemos un crecimiento estable y natural con un efecto duradero en un per\u00edodo de tiempo m\u00e1s largo. Prestamos atenci\u00f3n a las normas del medio ambiente y de calidad.<\/p>\n<p>[\/et_pb_text][\/et_pb_column][\/et_pb_row][et_pb_row column_structure=\u00bb1_4,3_4&#8243; custom_padding_last_edited=\u00bbon|tablet\u00bb _builder_version=\u00bb4.14.7&#8243; _module_preset=\u00bbdefault\u00bb background_color=\u00bb#efefef\u00bb custom_margin=\u00bb36px|auto||auto||\u00bb custom_padding=\u00bb50px|80px|50px|0px|false|false\u00bb custom_padding_tablet=\u00bb50px|0px|50px|0px|false|false\u00bb custom_padding_phone=\u00bb50px|0px|50px|0px|false|false\u00bb border_radii=\u00bbon|10px|10px|10px|10px\u00bb global_colors_info=\u00bb{}\u00bb][et_pb_column type=\u00bb1_4&#8243; _builder_version=\u00bb4.14.7&#8243; _module_preset=\u00bbdefault\u00bb global_colors_info=\u00bb{}\u00bb][et_pb_image src=\u00bbhttps:\/\/www.lechita.de\/wp-content\/uploads\/brc-food-logo.png\u00bb title_text=\u00bbbrc-food-logo\u00bb url=\u00bb@ET-DC@eyJkeW5hbWljIjp0cnVlLCJjb250ZW50IjoicG9zdF9saW5rX3VybF9wYWdlIiwic2V0dGluZ3MiOnsicG9zdF9pZCI6IjI1In19@\u00bb align=\u00bbcenter\u00bb admin_label=\u00bbBRC Logo\u00bb _builder_version=\u00bb4.14.7&#8243; _dynamic_attributes=\u00bburl\u00bb _module_preset=\u00bbdefault\u00bb max_width=\u00bb52%\u00bb max_width_tablet=\u00bb20%\u00bb max_width_phone=\u00bb30%\u00bb max_width_last_edited=\u00bbon|phone\u00bb custom_padding=\u00bb||0px|||\u00bb global_colors_info=\u00bb{}\u00bb][\/et_pb_image][\/et_pb_column][et_pb_column type=\u00bb3_4&#8243; _builder_version=\u00bb4.14.7&#8243; _module_preset=\u00bbdefault\u00bb global_colors_info=\u00bb{}\u00bb][et_pb_text admin_label=\u00bbWir unterst\u00fctzen Unternehmen\u00bb _builder_version=\u00bb4.14.7&#8243; _module_preset=\u00bbdefault\u00bb custom_margin=\u00bb||14px|||\u00bb global_colors_info=\u00bb{}\u00bb]<\/p>\n<p>Apoyamos a las empresas en la consecuci\u00f3n de la norma BRC. La norma alimentaria BRC se desarroll\u00f3 para establecer criterios de seguridad y calidad alimentaria. Nuestros servicios de consultor\u00eda se limitan a la preparaci\u00f3n de auditor\u00edas.<\/p>\n<p>[\/et_pb_text][et_pb_button button_url=\u00bb@ET-DC@eyJkeW5hbWljIjp0cnVlLCJjb250ZW50IjoicG9zdF9saW5rX3VybF9wYWdlIiwic2V0dGluZ3MiOnsicG9zdF9pZCI6IjI1In19@\u00bb button_text=\u00bbPreparaci\u00f3n de la auditor\u00eda\u00bb _builder_version=\u00bb4.14.7&#8243; _dynamic_attributes=\u00bbbutton_url\u00bb _module_preset=\u00bbdefault\u00bb custom_margin=\u00bb27px|||||\u00bb global_colors_info=\u00bb{}\u00bb][\/et_pb_button][\/et_pb_column][\/et_pb_row][\/et_pb_section][et_pb_section fb_built=\u00bb1&#8243; _builder_version=\u00bb4.14.7&#8243; _module_preset=\u00bbdefault\u00bb background_color=\u00bb#efefef\u00bb custom_margin=\u00bb0px||||false|false\u00bb top_divider_style=\u00bbramp2&#8243; top_divider_color=\u00bb#FFFFFF\u00bb top_divider_style_tablet=\u00bbramp2&#8243; top_divider_style_phone=\u00bbramp2&#8243; top_divider_style_last_edited=\u00bbon|phone\u00bb bottom_divider_style=\u00bbramp2&#8243; bottom_divider_color=\u00bb#FFFFFF\u00bb bottom_divider_flip=\u00bbhorizontal\u00bb bottom_divider_style_tablet=\u00bbramp2&#8243; bottom_divider_style_phone=\u00bbramp2&#8243; bottom_divider_style_last_edited=\u00bbon|phone\u00bb global_colors_info=\u00bb{}\u00bb][et_pb_row column_structure=\u00bb1_3,2_3&#8243; make_equal=\u00bbon\u00bb disabled_on=\u00bboff|off|off\u00bb _builder_version=\u00bb4.14.7&#8243; _module_preset=\u00bbdefault\u00bb custom_padding=\u00bb58px|||||\u00bb global_colors_info=\u00bb{}\u00bb][et_pb_column type=\u00bb1_3&#8243; _builder_version=\u00bb4.14.7&#8243; _module_preset=\u00bbdefault\u00bb global_colors_info=\u00bb{}\u00bb][et_pb_image src=\u00bbhttps:\/\/www.lechita.de\/wp-content\/uploads\/Unfolding_Unit_DC1-1.png\u00bb title_text=\u00bbUnfolding_Unit_DC1&#8243; align=\u00bbcenter\u00bb align_tablet=\u00bbcenter\u00bb align_phone=\u00bbcenter\u00bb align_last_edited=\u00bbon|phone\u00bb _builder_version=\u00bb4.14.7&#8243; _module_preset=\u00bbdefault\u00bb max_width_tablet=\u00bb40%\u00bb max_width_phone=\u00bb55%\u00bb max_width_last_edited=\u00bbon|tablet\u00bb custom_margin_tablet=\u00bb30px||||false|false\u00bb custom_margin_phone=\u00bb30px||||false|false\u00bb custom_margin_last_edited=\u00bbon|phone\u00bb border_radii=\u00bbon|10px|10px|10px|10px\u00bb global_colors_info=\u00bb{}\u00bb][\/et_pb_image][\/et_pb_column][et_pb_column type=\u00bb2_3&#8243; _builder_version=\u00bb4.14.7&#8243; _module_preset=\u00bbdefault\u00bb global_colors_info=\u00bb{}\u00bb][et_pb_text admin_label=\u00bb4. Qualit\u00e4t\u00bb _builder_version=\u00bb4.14.7&#8243; _module_preset=\u00bbdefault\u00bb header_text_align=\u00bbcenter\u00bb text_orientation=\u00bbcenter\u00bb custom_padding=\u00bb|||0px||\u00bb global_colors_info=\u00bb{}\u00bb]<\/p>\n<h3 style=\"text-align: left;\">4. Calidad<\/h3>\n<p style=\"text-align: left;\">Analizamos los errores y comprobamos si hay margen de mejora. Adem\u00e1s, comprobamos si los productos fabricados cumplen con las normas de calidad exigidas por la industria.<\/p>\n<p style=\"text-align: left;\"><strong>La calidad no solamente se controla, la calidad se produce.<\/strong><\/p>\n<p style=\"text-align: left;\">Si se desea, se puede realizar un control de calidad en un intervalo determinado para garantizar una producci\u00f3n \u00f3ptima y sin problemas.<\/p>\n<p>[\/et_pb_text][\/et_pb_column][\/et_pb_row][\/et_pb_section]<\/p>\n","protected":false},"excerpt":{"rendered":"<p>Tecnolog\u00eda de aplicaci\u00f3n Optimizaci\u00f3n de la producci\u00f3n | Sostenibilidad | Calidad1. An\u00e1lisis En el lugar, analizamos el flujo de producci\u00f3n y las m\u00e1quinas de envasado integradas en el proceso. A partir de ah\u00ed, desarrollamos un concepto sostenible para la optimizaci\u00f3n de la producci\u00f3n.Servicio en tecnolog\u00eda de aplicaciones Consejos sobre el producto Optimizaci\u00f3n de la producci\u00f3n [&hellip;]<\/p>\n","protected":false},"author":10,"featured_media":0,"parent":0,"menu_order":4,"comment_status":"closed","ping_status":"closed","template":"","meta":{"_et_pb_use_builder":"on","_et_pb_old_content":"","_et_gb_content_width":"","inline_featured_image":false,"footnotes":""},"class_list":["post-2057","page","type-page","status-publish","hentry"],"yoast_head":"<!-- This site is optimized with the Yoast SEO plugin v27.3 - https:\/\/yoast.com\/product\/yoast-seo-wordpress\/ -->\n<title>Tecnolog\u00eda de aplicaci\u00f3n - DC - Dold Consulting<\/title>\n<meta name=\"robots\" content=\"index, follow, max-snippet:-1, max-image-preview:large, max-video-preview:-1\" \/>\n<link rel=\"canonical\" href=\"https:\/\/www.lechita.de\/es\/tecnologia-de-aplicacion\/\" \/>\n<meta property=\"og:locale\" content=\"es_ES\" \/>\n<meta property=\"og:type\" content=\"article\" \/>\n<meta property=\"og:title\" content=\"Tecnolog\u00eda de aplicaci\u00f3n - DC - Dold Consulting\" \/>\n<meta property=\"og:description\" content=\"Tecnolog\u00eda de aplicaci\u00f3n Optimizaci\u00f3n de la producci\u00f3n | Sostenibilidad | Calidad1. An\u00e1lisis En el lugar, analizamos el flujo de producci\u00f3n y las m\u00e1quinas de envasado integradas en el proceso. A partir de ah\u00ed, desarrollamos un concepto sostenible para la optimizaci\u00f3n de la producci\u00f3n.Servicio en tecnolog\u00eda de aplicaciones Consejos sobre el producto Optimizaci\u00f3n de la producci\u00f3n [&hellip;]\" \/>\n<meta property=\"og:url\" content=\"https:\/\/www.lechita.de\/es\/tecnologia-de-aplicacion\/\" \/>\n<meta property=\"og:site_name\" content=\"DC - Dold Consulting\" \/>\n<meta property=\"article:modified_time\" content=\"2022-05-10T13:44:57+00:00\" \/>\n<meta name=\"twitter:card\" content=\"summary_large_image\" \/>\n<meta name=\"twitter:label1\" content=\"Tiempo de lectura\" \/>\n\t<meta name=\"twitter:data1\" content=\"7 minutos\" \/>\n<script type=\"application\/ld+json\" class=\"yoast-schema-graph\">{\"@context\":\"https:\\\/\\\/schema.org\",\"@graph\":[{\"@type\":\"WebPage\",\"@id\":\"https:\\\/\\\/www.lechita.de\\\/es\\\/tecnologia-de-aplicacion\\\/\",\"url\":\"https:\\\/\\\/www.lechita.de\\\/es\\\/tecnologia-de-aplicacion\\\/\",\"name\":\"Tecnolog\u00eda de aplicaci\u00f3n - DC - Dold Consulting\",\"isPartOf\":{\"@id\":\"https:\\\/\\\/www.lechita.de\\\/es\\\/#website\"},\"datePublished\":\"2022-02-10T08:30:25+00:00\",\"dateModified\":\"2022-05-10T13:44:57+00:00\",\"breadcrumb\":{\"@id\":\"https:\\\/\\\/www.lechita.de\\\/es\\\/tecnologia-de-aplicacion\\\/#breadcrumb\"},\"inLanguage\":\"es\",\"potentialAction\":[{\"@type\":\"ReadAction\",\"target\":[\"https:\\\/\\\/www.lechita.de\\\/es\\\/tecnologia-de-aplicacion\\\/\"]}]},{\"@type\":\"BreadcrumbList\",\"@id\":\"https:\\\/\\\/www.lechita.de\\\/es\\\/tecnologia-de-aplicacion\\\/#breadcrumb\",\"itemListElement\":[{\"@type\":\"ListItem\",\"position\":1,\"name\":\"Startseite\",\"item\":\"https:\\\/\\\/www.lechita.de\\\/es\\\/\"},{\"@type\":\"ListItem\",\"position\":2,\"name\":\"Tecnolog\u00eda de aplicaci\u00f3n\"}]},{\"@type\":\"WebSite\",\"@id\":\"https:\\\/\\\/www.lechita.de\\\/es\\\/#website\",\"url\":\"https:\\\/\\\/www.lechita.de\\\/es\\\/\",\"name\":\"DC - Dold Consulting\",\"description\":\"Beratung und Vertrieb von Verpackungsmaschinen\",\"potentialAction\":[{\"@type\":\"SearchAction\",\"target\":{\"@type\":\"EntryPoint\",\"urlTemplate\":\"https:\\\/\\\/www.lechita.de\\\/es\\\/?s={search_term_string}\"},\"query-input\":{\"@type\":\"PropertyValueSpecification\",\"valueRequired\":true,\"valueName\":\"search_term_string\"}}],\"inLanguage\":\"es\"}]}<\/script>\n<!-- \/ Yoast SEO plugin. -->","yoast_head_json":{"title":"Tecnolog\u00eda de aplicaci\u00f3n - DC - Dold Consulting","robots":{"index":"index","follow":"follow","max-snippet":"max-snippet:-1","max-image-preview":"max-image-preview:large","max-video-preview":"max-video-preview:-1"},"canonical":"https:\/\/www.lechita.de\/es\/tecnologia-de-aplicacion\/","og_locale":"es_ES","og_type":"article","og_title":"Tecnolog\u00eda de aplicaci\u00f3n - DC - Dold Consulting","og_description":"Tecnolog\u00eda de aplicaci\u00f3n Optimizaci\u00f3n de la producci\u00f3n | Sostenibilidad | Calidad1. An\u00e1lisis En el lugar, analizamos el flujo de producci\u00f3n y las m\u00e1quinas de envasado integradas en el proceso. A partir de ah\u00ed, desarrollamos un concepto sostenible para la optimizaci\u00f3n de la producci\u00f3n.Servicio en tecnolog\u00eda de aplicaciones Consejos sobre el producto Optimizaci\u00f3n de la producci\u00f3n [&hellip;]","og_url":"https:\/\/www.lechita.de\/es\/tecnologia-de-aplicacion\/","og_site_name":"DC - Dold Consulting","article_modified_time":"2022-05-10T13:44:57+00:00","twitter_card":"summary_large_image","twitter_misc":{"Tiempo de lectura":"7 minutos"},"schema":{"@context":"https:\/\/schema.org","@graph":[{"@type":"WebPage","@id":"https:\/\/www.lechita.de\/es\/tecnologia-de-aplicacion\/","url":"https:\/\/www.lechita.de\/es\/tecnologia-de-aplicacion\/","name":"Tecnolog\u00eda de aplicaci\u00f3n - DC - Dold Consulting","isPartOf":{"@id":"https:\/\/www.lechita.de\/es\/#website"},"datePublished":"2022-02-10T08:30:25+00:00","dateModified":"2022-05-10T13:44:57+00:00","breadcrumb":{"@id":"https:\/\/www.lechita.de\/es\/tecnologia-de-aplicacion\/#breadcrumb"},"inLanguage":"es","potentialAction":[{"@type":"ReadAction","target":["https:\/\/www.lechita.de\/es\/tecnologia-de-aplicacion\/"]}]},{"@type":"BreadcrumbList","@id":"https:\/\/www.lechita.de\/es\/tecnologia-de-aplicacion\/#breadcrumb","itemListElement":[{"@type":"ListItem","position":1,"name":"Startseite","item":"https:\/\/www.lechita.de\/es\/"},{"@type":"ListItem","position":2,"name":"Tecnolog\u00eda de aplicaci\u00f3n"}]},{"@type":"WebSite","@id":"https:\/\/www.lechita.de\/es\/#website","url":"https:\/\/www.lechita.de\/es\/","name":"DC - Dold Consulting","description":"Beratung und Vertrieb von Verpackungsmaschinen","potentialAction":[{"@type":"SearchAction","target":{"@type":"EntryPoint","urlTemplate":"https:\/\/www.lechita.de\/es\/?s={search_term_string}"},"query-input":{"@type":"PropertyValueSpecification","valueRequired":true,"valueName":"search_term_string"}}],"inLanguage":"es"}]}},"_links":{"self":[{"href":"https:\/\/www.lechita.de\/es\/wp-json\/wp\/v2\/pages\/2057","targetHints":{"allow":["GET"]}}],"collection":[{"href":"https:\/\/www.lechita.de\/es\/wp-json\/wp\/v2\/pages"}],"about":[{"href":"https:\/\/www.lechita.de\/es\/wp-json\/wp\/v2\/types\/page"}],"author":[{"embeddable":true,"href":"https:\/\/www.lechita.de\/es\/wp-json\/wp\/v2\/users\/10"}],"replies":[{"embeddable":true,"href":"https:\/\/www.lechita.de\/es\/wp-json\/wp\/v2\/comments?post=2057"}],"version-history":[{"count":20,"href":"https:\/\/www.lechita.de\/es\/wp-json\/wp\/v2\/pages\/2057\/revisions"}],"predecessor-version":[{"id":2346,"href":"https:\/\/www.lechita.de\/es\/wp-json\/wp\/v2\/pages\/2057\/revisions\/2346"}],"wp:attachment":[{"href":"https:\/\/www.lechita.de\/es\/wp-json\/wp\/v2\/media?parent=2057"}],"curies":[{"name":"wp","href":"https:\/\/api.w.org\/{rel}","templated":true}]}}