{"id":2051,"date":"2022-02-10T09:29:47","date_gmt":"2022-02-10T08:29:47","guid":{"rendered":"https:\/\/www.lechita.de\/norma-mundial-brc\/"},"modified":"2022-05-10T15:50:59","modified_gmt":"2022-05-10T13:50:59","slug":"norma-mundial-brc","status":"publish","type":"page","link":"https:\/\/www.lechita.de\/es\/norma-mundial-brc\/","title":{"rendered":"Norma mundial BRC"},"content":{"rendered":"<p>[et_pb_section fb_built=\u00bb1&#8243; fullwidth=\u00bbon\u00bb _builder_version=\u00bb4.14.7&#8243; _module_preset=\u00bbdefault\u00bb top_divider_style=\u00bbramp2&#8243; top_divider_color=\u00bb#FFFFFF\u00bb top_divider_height=\u00bb50px\u00bb top_divider_color_tablet=\u00bb#FFFFFF\u00bb top_divider_color_phone=\u00bb#FFFFFF\u00bb top_divider_color_last_edited=\u00bbon|phone\u00bb top_divider_height_tablet=\u00bb50px\u00bb top_divider_height_phone=\u00bb30px\u00bb top_divider_height_last_edited=\u00bbon|phone\u00bb bottom_divider_style=\u00bbramp2&#8243; bottom_divider_color=\u00bb#FFFFFF\u00bb bottom_divider_flip=\u00bbhorizontal\u00bb bottom_divider_height_tablet=\u00bb50px\u00bb bottom_divider_height_phone=\u00bb30px\u00bb bottom_divider_height_last_edited=\u00bbon|phone\u00bb locked=\u00bboff\u00bb global_colors_info=\u00bb{}\u00bb][et_pb_fullwidth_header text_orientation=\u00bbcenter\u00bb header_scroll_down=\u00bbon\u00bb scroll_down_icon_size=\u00bb30px\u00bb button_one_text=\u00bbm\u00e1s informaci\u00f3n\u00bb button_one_url=\u00bb#brc\u00bb background_overlay_color=\u00bbrgba(19,25,75,0.8)\u00bb scroll_down_icon_color_tablet=\u00bbRGBA(255,255,255,0)\u00bb scroll_down_icon_color_phone=\u00bbRGBA(255,255,255,0)\u00bb scroll_down_icon_color_last_edited=\u00bbon|phone\u00bb scroll_down_icon_size_tablet=\u00bb24px\u00bb scroll_down_icon_size_phone=\u00bb24px\u00bb scroll_down_icon_size_last_edited=\u00bbon|tablet\u00bb content_tablet=\u00bb<\/p>\n<h1 style=%22text-align: center;%22>Consultor\u00eda<\/h1>\n<p style=%22text-align: center;%22>Norma global BRC | Certificaci\u00f3n | Preparaci\u00f3n de la auditor\u00eda<\/p>\n<p>\u00bb content_phone=\u00bb<\/p>\n<h1 style=%22text-align: center;%22>Consultor\u00eda<\/h1>\n<p style=%22text-align: center;%22>Norma global BRC | Certificaci\u00f3n | Preparaci\u00f3n de la auditor\u00eda<\/p>\n<p>\u00bb content_last_edited=\u00bbon|phone\u00bb _builder_version=\u00bb4.14.7&#8243; _module_preset=\u00bbdefault\u00bb title_text_color=\u00bb#FFFFFF\u00bb content_text_color=\u00bb#FFFFFF\u00bb subhead_text_color=\u00bb#FFFFFF\u00bb background_enable_color=\u00bboff\u00bb background_color_gradient_start=\u00bb#2e3191&#8243; background_color_gradient_end=\u00bb#2fac66&#8243; background_color_gradient_direction=\u00bb126deg\u00bb background_image=\u00bbhttps:\/\/www.lechita.de\/wp-content\/uploads\/shutterstock_283236740.jpg\u00bb background_enable_video_mp4=\u00bboff\u00bb custom_button_one=\u00bbon\u00bb button_one_bg_color=\u00bb#2fac66&#8243; button_one_use_icon=\u00bboff\u00bb height=\u00bb450px\u00bb custom_padding=\u00bb80px||30px||false|false\u00bb custom_padding_tablet=\u00bb80px||30px||false|false\u00bb custom_padding_phone=\u00bb70px||||false|false\u00bb custom_padding_last_edited=\u00bbon|phone\u00bb global_colors_info=\u00bb{}\u00bb]<\/p>\n<h1 style=\"text-align: center;\">Norma mundial BRC<\/h1>\n<p>Norma global BRC | Certificaci\u00f3n | Preparaci\u00f3n de la auditor\u00eda<\/p>\n<p>[\/et_pb_fullwidth_header][\/et_pb_section][et_pb_section fb_built=\u00bb1&#8243; _builder_version=\u00bb4.14.7&#8243; _module_preset=\u00bbdefault\u00bb global_colors_info=\u00bb{}\u00bb][et_pb_row column_structure=\u00bb1_4,3_4&#8243; _builder_version=\u00bb4.14.7&#8243; _module_preset=\u00bbdefault\u00bb global_colors_info=\u00bb{}\u00bb][et_pb_column type=\u00bb1_4&#8243; _builder_version=\u00bb4.14.7&#8243; _module_preset=\u00bbdefault\u00bb global_colors_info=\u00bb{}\u00bb][et_pb_image src=\u00bbhttps:\/\/www.lechita.de\/wp-content\/uploads\/brc-logo.png\u00bb title_text=\u00bbbrc-logo\u00bb align=\u00bbright\u00bb src_tablet=\u00bbhttps:\/\/www.lechita.de\/wp-content\/uploads\/brc-logo.png\u00bb src_phone=\u00bbhttps:\/\/www.lechita.de\/wp-content\/uploads\/brc-logo.png\u00bb src_last_edited=\u00bbon|phone\u00bb align_tablet=\u00bbleft\u00bb align_phone=\u00bbleft\u00bb align_last_edited=\u00bbon|tablet\u00bb disabled_on=\u00bboff|on|off\u00bb admin_label=\u00bbBRC Food Certificated\u00bb _builder_version=\u00bb4.14.7&#8243; _module_preset=\u00bbdefault\u00bb global_colors_info=\u00bb{}\u00bb][\/et_pb_image][\/et_pb_column][et_pb_column type=\u00bb3_4&#8243; _builder_version=\u00bb4.14.7&#8243; _module_preset=\u00bbdefault\u00bb global_colors_info=\u00bb{}\u00bb][et_pb_text admin_label=\u00bbBRC Global Standard\u00bb _builder_version=\u00bb4.14.7&#8243; _module_preset=\u00bbdefault\u00bb global_colors_info=\u00bb{}\u00bb]<\/p>\n<h2 style=\"text-align: left;\" id=\"brc\">Norma mundial BRC<\/h2>\n<p style=\"text-align: left;\">La norma alimentaria BRC se desarroll\u00f3 para establecer criterios de seguridad y calidad alimentaria. Afecta a todas las empresas que producen envases alimentarios. En 1998, el British Retail Consortium (BRC) desarroll\u00f3 la norma alimentaria BRC como est\u00e1ndar de seguridad alimentaria.<\/p>\n<p>[\/et_pb_text][\/et_pb_column][\/et_pb_row][et_pb_row _builder_version=\u00bb4.14.7&#8243; _module_preset=\u00bbdefault\u00bb custom_margin=\u00bb50px||||false|false\u00bb custom_margin_tablet=\u00bb0px||||false|false\u00bb custom_margin_phone=\u00bb0px||||false|false\u00bb custom_margin_last_edited=\u00bbon|tablet\u00bb custom_padding=\u00bb20px||||false|false\u00bb global_colors_info=\u00bb{}\u00bb][et_pb_column type=\u00bb4_4&#8243; _builder_version=\u00bb4.14.7&#8243; _module_preset=\u00bbdefault\u00bb global_colors_info=\u00bb{}\u00bb][et_pb_text admin_label=\u00bbAudit-Vorbereitung\u00bb _builder_version=\u00bb4.14.7&#8243; _module_preset=\u00bbdefault\u00bb global_colors_info=\u00bb{}\u00bb]<\/p>\n<h2 style=\"text-align: left;\">Preparaci\u00f3n de la auditor\u00eda<\/h2>\n<p>Apoyamos a empresas del sector de envases para que consigan la norma BRC. A trav\u00e9s de una auditor\u00eda, la empresa puede demostrar su situaci\u00f3n en los \u00e1mbitos importantes de la higiene, la norma de calidad y la protecci\u00f3n de los alimentos. La auditor\u00eda BRC s\u00f3lo puede ser realizada por organismos de certificaci\u00f3n reconocidos. El conjunto de normas BRC-IoP proporciona la base para ello. Una auditor\u00eda del BRC suele ser relativamente cara. Le ayudamos a prepararse perfectamente para el examen de auditor\u00eda.<\/p>\n<p>[\/et_pb_text][et_pb_button button_url=\u00bb@ET-DC@eyJkeW5hbWljIjp0cnVlLCJjb250ZW50IjoicG9zdF9saW5rX3VybF9wYWdlIiwic2V0dGluZ3MiOnsicG9zdF9pZCI6IjQyIn19@\u00bb button_text=\u00bbSolicitar ahora\u00bb _builder_version=\u00bb4.14.7&#8243; _dynamic_attributes=\u00bbbutton_url\u00bb _module_preset=\u00bbdefault\u00bb global_colors_info=\u00bb{}\u00bb][\/et_pb_button][\/et_pb_column][\/et_pb_row][\/et_pb_section]<\/p>\n","protected":false},"excerpt":{"rendered":"<p>Norma mundial BRC Norma global BRC | Certificaci\u00f3n | Preparaci\u00f3n de la auditor\u00edaNorma mundial BRC La norma alimentaria BRC se desarroll\u00f3 para establecer criterios de seguridad y calidad alimentaria. Afecta a todas las empresas que producen envases alimentarios. En 1998, el British Retail Consortium (BRC) desarroll\u00f3 la norma alimentaria BRC como est\u00e1ndar de seguridad alimentaria.Preparaci\u00f3n [&hellip;]<\/p>\n","protected":false},"author":10,"featured_media":0,"parent":0,"menu_order":2,"comment_status":"closed","ping_status":"closed","template":"","meta":{"_et_pb_use_builder":"on","_et_pb_old_content":"","_et_gb_content_width":"","inline_featured_image":false,"footnotes":""},"class_list":["post-2051","page","type-page","status-publish","hentry"],"yoast_head":"<!-- This site is optimized with the Yoast SEO plugin v27.3 - https:\/\/yoast.com\/product\/yoast-seo-wordpress\/ -->\n<title>Norma mundial BRC - DC - Dold Consulting<\/title>\n<meta name=\"robots\" content=\"index, follow, max-snippet:-1, max-image-preview:large, max-video-preview:-1\" \/>\n<link rel=\"canonical\" href=\"https:\/\/www.lechita.de\/es\/norma-mundial-brc\/\" \/>\n<meta property=\"og:locale\" content=\"es_ES\" \/>\n<meta property=\"og:type\" content=\"article\" \/>\n<meta property=\"og:title\" content=\"Norma mundial BRC - DC - Dold Consulting\" \/>\n<meta property=\"og:description\" content=\"Norma mundial BRC Norma global BRC | Certificaci\u00f3n | Preparaci\u00f3n de la auditor\u00edaNorma mundial BRC La norma alimentaria BRC se desarroll\u00f3 para establecer criterios de seguridad y calidad alimentaria. Afecta a todas las empresas que producen envases alimentarios. En 1998, el British Retail Consortium (BRC) desarroll\u00f3 la norma alimentaria BRC como est\u00e1ndar de seguridad alimentaria.Preparaci\u00f3n [&hellip;]\" \/>\n<meta property=\"og:url\" content=\"https:\/\/www.lechita.de\/es\/norma-mundial-brc\/\" \/>\n<meta property=\"og:site_name\" content=\"DC - Dold Consulting\" \/>\n<meta property=\"article:modified_time\" content=\"2022-05-10T13:50:59+00:00\" \/>\n<meta name=\"twitter:card\" content=\"summary_large_image\" \/>\n<meta name=\"twitter:label1\" content=\"Tiempo de lectura\" \/>\n\t<meta name=\"twitter:data1\" content=\"4 minutos\" \/>\n<script type=\"application\/ld+json\" class=\"yoast-schema-graph\">{\"@context\":\"https:\\\/\\\/schema.org\",\"@graph\":[{\"@type\":\"WebPage\",\"@id\":\"https:\\\/\\\/www.lechita.de\\\/es\\\/norma-mundial-brc\\\/\",\"url\":\"https:\\\/\\\/www.lechita.de\\\/es\\\/norma-mundial-brc\\\/\",\"name\":\"Norma mundial BRC - DC - Dold Consulting\",\"isPartOf\":{\"@id\":\"https:\\\/\\\/www.lechita.de\\\/es\\\/#website\"},\"datePublished\":\"2022-02-10T08:29:47+00:00\",\"dateModified\":\"2022-05-10T13:50:59+00:00\",\"breadcrumb\":{\"@id\":\"https:\\\/\\\/www.lechita.de\\\/es\\\/norma-mundial-brc\\\/#breadcrumb\"},\"inLanguage\":\"es\",\"potentialAction\":[{\"@type\":\"ReadAction\",\"target\":[\"https:\\\/\\\/www.lechita.de\\\/es\\\/norma-mundial-brc\\\/\"]}]},{\"@type\":\"BreadcrumbList\",\"@id\":\"https:\\\/\\\/www.lechita.de\\\/es\\\/norma-mundial-brc\\\/#breadcrumb\",\"itemListElement\":[{\"@type\":\"ListItem\",\"position\":1,\"name\":\"Startseite\",\"item\":\"https:\\\/\\\/www.lechita.de\\\/es\\\/\"},{\"@type\":\"ListItem\",\"position\":2,\"name\":\"Norma mundial BRC\"}]},{\"@type\":\"WebSite\",\"@id\":\"https:\\\/\\\/www.lechita.de\\\/es\\\/#website\",\"url\":\"https:\\\/\\\/www.lechita.de\\\/es\\\/\",\"name\":\"DC - Dold Consulting\",\"description\":\"Beratung und Vertrieb von Verpackungsmaschinen\",\"potentialAction\":[{\"@type\":\"SearchAction\",\"target\":{\"@type\":\"EntryPoint\",\"urlTemplate\":\"https:\\\/\\\/www.lechita.de\\\/es\\\/?s={search_term_string}\"},\"query-input\":{\"@type\":\"PropertyValueSpecification\",\"valueRequired\":true,\"valueName\":\"search_term_string\"}}],\"inLanguage\":\"es\"}]}<\/script>\n<!-- \/ Yoast SEO plugin. -->","yoast_head_json":{"title":"Norma mundial BRC - DC - Dold Consulting","robots":{"index":"index","follow":"follow","max-snippet":"max-snippet:-1","max-image-preview":"max-image-preview:large","max-video-preview":"max-video-preview:-1"},"canonical":"https:\/\/www.lechita.de\/es\/norma-mundial-brc\/","og_locale":"es_ES","og_type":"article","og_title":"Norma mundial BRC - DC - Dold Consulting","og_description":"Norma mundial BRC Norma global BRC | Certificaci\u00f3n | Preparaci\u00f3n de la auditor\u00edaNorma mundial BRC La norma alimentaria BRC se desarroll\u00f3 para establecer criterios de seguridad y calidad alimentaria. Afecta a todas las empresas que producen envases alimentarios. En 1998, el British Retail Consortium (BRC) desarroll\u00f3 la norma alimentaria BRC como est\u00e1ndar de seguridad alimentaria.Preparaci\u00f3n [&hellip;]","og_url":"https:\/\/www.lechita.de\/es\/norma-mundial-brc\/","og_site_name":"DC - Dold Consulting","article_modified_time":"2022-05-10T13:50:59+00:00","twitter_card":"summary_large_image","twitter_misc":{"Tiempo de lectura":"4 minutos"},"schema":{"@context":"https:\/\/schema.org","@graph":[{"@type":"WebPage","@id":"https:\/\/www.lechita.de\/es\/norma-mundial-brc\/","url":"https:\/\/www.lechita.de\/es\/norma-mundial-brc\/","name":"Norma mundial BRC - DC - Dold Consulting","isPartOf":{"@id":"https:\/\/www.lechita.de\/es\/#website"},"datePublished":"2022-02-10T08:29:47+00:00","dateModified":"2022-05-10T13:50:59+00:00","breadcrumb":{"@id":"https:\/\/www.lechita.de\/es\/norma-mundial-brc\/#breadcrumb"},"inLanguage":"es","potentialAction":[{"@type":"ReadAction","target":["https:\/\/www.lechita.de\/es\/norma-mundial-brc\/"]}]},{"@type":"BreadcrumbList","@id":"https:\/\/www.lechita.de\/es\/norma-mundial-brc\/#breadcrumb","itemListElement":[{"@type":"ListItem","position":1,"name":"Startseite","item":"https:\/\/www.lechita.de\/es\/"},{"@type":"ListItem","position":2,"name":"Norma mundial BRC"}]},{"@type":"WebSite","@id":"https:\/\/www.lechita.de\/es\/#website","url":"https:\/\/www.lechita.de\/es\/","name":"DC - Dold Consulting","description":"Beratung und Vertrieb von Verpackungsmaschinen","potentialAction":[{"@type":"SearchAction","target":{"@type":"EntryPoint","urlTemplate":"https:\/\/www.lechita.de\/es\/?s={search_term_string}"},"query-input":{"@type":"PropertyValueSpecification","valueRequired":true,"valueName":"search_term_string"}}],"inLanguage":"es"}]}},"_links":{"self":[{"href":"https:\/\/www.lechita.de\/es\/wp-json\/wp\/v2\/pages\/2051","targetHints":{"allow":["GET"]}}],"collection":[{"href":"https:\/\/www.lechita.de\/es\/wp-json\/wp\/v2\/pages"}],"about":[{"href":"https:\/\/www.lechita.de\/es\/wp-json\/wp\/v2\/types\/page"}],"author":[{"embeddable":true,"href":"https:\/\/www.lechita.de\/es\/wp-json\/wp\/v2\/users\/10"}],"replies":[{"embeddable":true,"href":"https:\/\/www.lechita.de\/es\/wp-json\/wp\/v2\/comments?post=2051"}],"version-history":[{"count":20,"href":"https:\/\/www.lechita.de\/es\/wp-json\/wp\/v2\/pages\/2051\/revisions"}],"predecessor-version":[{"id":2352,"href":"https:\/\/www.lechita.de\/es\/wp-json\/wp\/v2\/pages\/2051\/revisions\/2352"}],"wp:attachment":[{"href":"https:\/\/www.lechita.de\/es\/wp-json\/wp\/v2\/media?parent=2051"}],"curies":[{"name":"wp","href":"https:\/\/api.w.org\/{rel}","templated":true}]}}