{"id":3496,"date":"2026-03-11T07:56:29","date_gmt":"2026-03-11T06:56:29","guid":{"rendered":"https:\/\/www.lechita.de\/lechita-machines\/shbm-1050-dc\/"},"modified":"2026-03-11T09:42:48","modified_gmt":"2026-03-11T08:42:48","slug":"shbm-1050-dc","status":"publish","type":"page","link":"https:\/\/www.lechita.de\/en\/lechita-machines\/shbm-1050-dc\/","title":{"rendered":"SHBM 1050 DC"},"content":{"rendered":"<p>[et_pb_section fb_built=&#8221;1&#8243; fullwidth=&#8221;on&#8221; _builder_version=&#8221;4.16&#8243; _module_preset=&#8221;default&#8221; top_divider_style=&#8221;ramp2&#8243; top_divider_color=&#8221;#FFFFFF&#8221; top_divider_height=&#8221;50px&#8221; top_divider_color_tablet=&#8221;#FFFFFF&#8221; top_divider_color_phone=&#8221;#FFFFFF&#8221; top_divider_color_last_edited=&#8221;on|phone&#8221; top_divider_height_tablet=&#8221;50px&#8221; top_divider_height_phone=&#8221;30px&#8221; top_divider_height_last_edited=&#8221;on|phone&#8221; bottom_divider_style=&#8221;ramp2&#8243; bottom_divider_color=&#8221;#FFFFFF&#8221; bottom_divider_flip=&#8221;horizontal&#8221; bottom_divider_height_tablet=&#8221;50px&#8221; bottom_divider_height_phone=&#8221;30px&#8221; bottom_divider_height_last_edited=&#8221;on|phone&#8221; locked=&#8221;off&#8221; global_colors_info=&#8221;{}&#8221;][et_pb_fullwidth_header text_orientation=&#8221;center&#8221; header_scroll_down=&#8221;on&#8221; scroll_down_icon_size=&#8221;30px&#8221; button_one_url=&#8221;#dc-lechita&#8221; button_two_url=&#8221;&lt;!&#8211;&#91;CDATA&#91;\/category\/news\/&#93;&#93;&#8211;&gt;&#8221; background_overlay_color=&#8221;rgba(19,25,75,0.8)&#8221; scroll_down_icon_tablet=&#8221;&#8221; scroll_down_icon_phone=&#8221;&#8221; scroll_down_icon_last_edited=&#8221;on|phone&#8221; scroll_down_icon_color_tablet=&#8221;rgba(255,255,255,0)&#8221; scroll_down_icon_color_phone=&#8221;RGBA(255,255,255,0)&#8221; scroll_down_icon_color_last_edited=&#8221;on|tablet&#8221; scroll_down_icon_size_tablet=&#8221;30px&#8221; scroll_down_icon_size_phone=&#8221;&#8221; scroll_down_icon_size_last_edited=&#8221;on|tablet&#8221; content_tablet=&#8221;&#8221; content_phone=&#8221;&#8221; content_last_edited=&#8221;on|phone&#8221; _builder_version=&#8221;4.27.5&#8243; _module_preset=&#8221;default&#8221; title_text_color=&#8221;#FFFFFF&#8221; content_text_color=&#8221;#FFFFFF&#8221; subhead_text_color=&#8221;#FFFFFF&#8221; background_enable_color=&#8221;off&#8221; background_color_gradient_direction=&#8221;126deg&#8221; background_color_gradient_start=&#8221;#2e3191&#8243; background_color_gradient_end=&#8221;#2fac66&#8243; background_enable_image=&#8221;off&#8221; background_video_mp4=&#8221;https:\/\/www.lechita.de\/wp-content\/uploads\/seal_bags_working_on_multifunctional_bag_machine.mp4&#8243; custom_button_one=&#8221;on&#8221; button_one_bg_color=&#8221;#2fac66&#8243; button_one_use_icon=&#8221;off&#8221; height=&#8221;450px&#8221; custom_margin=&#8221;||||false|false&#8221; custom_padding=&#8221;80px||30px||false|false&#8221; custom_padding_tablet=&#8221;80px||30px||false|false&#8221; custom_padding_phone=&#8221;70px||||false|false&#8221; custom_padding_last_edited=&#8221;on|phone&#8221; global_colors_info=&#8221;{}&#8221;]<\/p>\n<h1 class=\"et_pb_module_header\">SHBM 1050 DC<\/h1>\n<h2 class=\"elementor-heading-title elementor-size-default\">Barrier Shrink Bag Machine<\/h2>\n<p>[\/et_pb_fullwidth_header][\/et_pb_section][et_pb_section fb_built=&#8221;1&#8243; prev_background_color=&#8221;#ffffff&#8221; next_background_color=&#8221;#ffffff&#8221; disabled_on=&#8221;off|off|off&#8221; module_id=&#8221;shbm&#8221; _builder_version=&#8221;4.27.4&#8243; _module_preset=&#8221;default&#8221; background_color=&#8221;#f4f4f4&#8243; custom_padding=&#8221;50px||34px||false|false&#8221; top_divider_style=&#8221;ramp2&#8243; top_divider_height=&#8221;50px&#8221; bottom_divider_style=&#8221;ramp2&#8243; bottom_divider_height=&#8221;50px&#8221; bottom_divider_flip=&#8221;horizontal&#8221; global_colors_info=&#8221;{}&#8221;][et_pb_row _builder_version=&#8221;4.27.5&#8243; _module_preset=&#8221;default&#8221; custom_padding=&#8221;||||false|false&#8221; global_colors_info=&#8221;{}&#8221;][et_pb_column type=&#8221;4_4&#8243; _builder_version=&#8221;4.16&#8243; _module_preset=&#8221;default&#8221; global_colors_info=&#8221;{}&#8221;][et_pb_text admin_label=&#8221;SHBM 1050 DC&#8221; _builder_version=&#8221;4.27.5&#8243; _module_preset=&#8221;default&#8221; global_colors_info=&#8221;{}&#8221;]<\/p>\n<p><strong>The SHBM<\/strong> is compatible with all sealable multilayer shrink films and also supports printed films and bag production on tape. The machine is built around a main drive unit equipped with a control board and touchscreen panel, featuring an integrated edge guide system. It includes a sealing unit, a conveyor with a tape application assembly, a stacking unit with electrostatic belts for both taped and untaped bags, and the unique shrink relax system. The SHBM also features two unwinding units with free expanding shafts (one in the case of the SHBM 750 S) for fast and easy film roll change.   <\/p>\n<p><strong>The control board<\/strong> is user-friendly and runs on a Windows-based operating system. It offers a wide range of adjustable settings to ensure optimal seal strength and consistent performance. Built-in touchscreen tutorials assist the operator with setup, operation, and troubleshooting, making the machine easy to use even for less experienced staff.  <\/p>\n<p><strong>The sealing<\/strong> unit with cutting blade is selected according to the customer\u2019s requirements. Available sealing options are listed below. <\/p>\n<p><strong>The stacking<\/strong> unit with conveyor is fully automatic and features bag counting system.<\/p>\n<p><strong>The relax system <\/strong>compensates for film shrinkage after sealing, adjusting according to parameters set by the operator.<\/p>\n<p><strong>The alarm system<\/strong> allows for easy troubleshooting.<\/p>\n<p><strong>Our machines also feature electronic safety hinges and laser gates to ensure safe operation.<\/strong> These systems automatically stop the machine when access panels are opened or movement is detected.<\/p>\n<p>[\/et_pb_text][\/et_pb_column][\/et_pb_row][et_pb_row column_structure=&#8221;1_3,1_3,1_3&#8243; make_equal=&#8221;on&#8221; _builder_version=&#8221;4.16&#8243; _module_preset=&#8221;default&#8221; custom_padding=&#8221;0px||||false|false&#8221; global_colors_info=&#8221;{}&#8221;][et_pb_column type=&#8221;1_3&#8243; _builder_version=&#8221;4.16&#8243; _module_preset=&#8221;default&#8221; custom_padding=&#8221;||||false|false&#8221; global_colors_info=&#8221;{}&#8221;][et_pb_video src=&#8221;https:\/\/www.lechita.de\/wp-content\/uploads\/double-arc-seal-on-1050mm-XL-shrink-bag-machine-01.07.mp4&#8243; _builder_version=&#8221;4.27.5&#8243; _module_preset=&#8221;default&#8221; global_colors_info=&#8221;{}&#8221;][\/et_pb_video][\/et_pb_column][et_pb_column type=&#8221;1_3&#8243; _builder_version=&#8221;4.16&#8243; _module_preset=&#8221;default&#8221; global_colors_info=&#8221;{}&#8221;][et_pb_video src=&#8221;https:\/\/www.lechita.de\/wp-content\/uploads\/neu.mp4&#8243; _builder_version=&#8221;4.27.5&#8243; _module_preset=&#8221;default&#8221; global_colors_info=&#8221;{}&#8221;][\/et_pb_video][\/et_pb_column][et_pb_column type=&#8221;1_3&#8243; _builder_version=&#8221;4.16&#8243; _module_preset=&#8221;default&#8221; global_colors_info=&#8221;{}&#8221;][et_pb_video src=&#8221;https:\/\/www.lechita.de\/wp-content\/uploads\/dold2.mp4&#8243; src_webm=&#8221;https:\/\/www.lechita.de\/wp-content\/uploads\/dold2.webm&#8221; image_src=&#8221;https:\/\/www.lechita.de\/wp-content\/uploads\/Dold1.jpg&#8221; _builder_version=&#8221;4.27.5&#8243; _module_preset=&#8221;default&#8221; global_colors_info=&#8221;{}&#8221;][\/et_pb_video][\/et_pb_column][\/et_pb_row][\/et_pb_section][et_pb_section fb_built=&#8221;1&#8243; _builder_version=&#8221;4.27.5&#8243; _module_preset=&#8221;default&#8221; global_colors_info=&#8221;{}&#8221;][et_pb_row column_structure=&#8221;1_2,1_2&#8243; _builder_version=&#8221;4.27.5&#8243; _module_preset=&#8221;default&#8221; global_colors_info=&#8221;{}&#8221;][et_pb_column type=&#8221;1_2&#8243; _builder_version=&#8221;4.27.5&#8243; _module_preset=&#8221;default&#8221; global_colors_info=&#8221;{}&#8221;][et_pb_blurb _builder_version=&#8221;4.27.5&#8243; _module_preset=&#8221;default&#8221; global_colors_info=&#8221;{}&#8221;]<\/p>\n<h3>Specification<\/h3>\n<ul>\n<li>Power Supply: 380 V, 50\/60 Hz<\/li>\n<li>Potencia absorbida: 20 kW<\/li>\n<li>Aire comprimido necesario: 6-10 bar, 40 m3\/h<\/li>\n<li>Dimensiones (anchura, longitud, altura): 4 m x 9 m x 1,6 m<\/li>\n<li>Peso: aprox. 2500 kg<\/li>\n<li>Longitud de la bolsa: 70-1200 mm<\/li>\n<li>Ancho m\u00e1ximo de la manguera: 1050 mm <\/li>\n<\/ul>\n<p>[\/et_pb_blurb][\/et_pb_column][et_pb_column type=&#8221;1_2&#8243; _builder_version=&#8221;4.27.5&#8243; _module_preset=&#8221;default&#8221; global_colors_info=&#8221;{}&#8221;][et_pb_blurb _builder_version=&#8221;4.27.5&#8243; _module_preset=&#8221;default&#8221; global_colors_info=&#8221;{}&#8221;]<\/p>\n<h3>General<\/h3>\n<ul>\n<li>Modo de funcionamiento de v\u00eda \u00fanica y doble v\u00eda<\/li>\n<\/ul>\n<p>[\/et_pb_blurb][\/et_pb_column][\/et_pb_row][\/et_pb_section][et_pb_section fb_built=&#8221;1&#8243; _builder_version=&#8221;4.27.5&#8243; _module_preset=&#8221;default&#8221; global_colors_info=&#8221;{}&#8221;][et_pb_row _builder_version=&#8221;4.27.5&#8243; _module_preset=&#8221;default&#8221; global_colors_info=&#8221;{}&#8221;][et_pb_column type=&#8221;4_4&#8243; _builder_version=&#8221;4.27.5&#8243; _module_preset=&#8221;default&#8221; global_colors_info=&#8221;{}&#8221;][et_pb_text _builder_version=&#8221;4.27.5&#8243; _module_preset=&#8221;default&#8221; global_colors_info=&#8221;{}&#8221;]<\/p>\n<h2>Bag types<\/h2>\n<p>[\/et_pb_text][\/et_pb_column][\/et_pb_row][et_pb_row _builder_version=&#8221;4.27.5&#8243; _module_preset=&#8221;default&#8221; global_colors_info=&#8221;{}&#8221;][et_pb_column type=&#8221;4_4&#8243; _builder_version=&#8221;4.27.5&#8243; _module_preset=&#8221;default&#8221; global_colors_info=&#8221;{}&#8221;][et_pb_text _builder_version=&#8221;4.27.5&#8243; _module_preset=&#8221;default&#8221; global_colors_info=&#8221;{}&#8221;]<\/p>\n<h3>Side Seal Bags<\/h3>\n<p>[\/et_pb_text][\/et_pb_column][\/et_pb_row][et_pb_row column_structure=&#8221;1_4,3_4&#8243; _builder_version=&#8221;4.27.5&#8243; _module_preset=&#8221;default&#8221; global_colors_info=&#8221;{}&#8221;][et_pb_column type=&#8221;1_4&#8243; _builder_version=&#8221;4.27.5&#8243; _module_preset=&#8221;default&#8221; global_colors_info=&#8221;{}&#8221;][et_pb_image src=&#8221;https:\/\/www.lechita.de\/wp-content\/uploads\/lechita-double-bags.svg&#8221; title_text=&#8221;lechita-double-bags&#8221; _builder_version=&#8221;4.27.5&#8243; _module_preset=&#8221;default&#8221; global_colors_info=&#8221;{}&#8221;][\/et_pb_image][\/et_pb_column][et_pb_column type=&#8221;3_4&#8243; _builder_version=&#8221;4.27.5&#8243; _module_preset=&#8221;default&#8221; global_colors_info=&#8221;{}&#8221;][et_pb_image src=&#8221;https:\/\/www.lechita.de\/wp-content\/uploads\/lechita-single-bag.svg&#8221; title_text=&#8221;lechita-single-bag&#8221; _builder_version=&#8221;4.27.5&#8243; _module_preset=&#8221;default&#8221; global_colors_info=&#8221;{}&#8221;][\/et_pb_image][\/et_pb_column][\/et_pb_row][et_pb_row _builder_version=&#8221;4.27.5&#8243; _module_preset=&#8221;default&#8221; global_colors_info=&#8221;{}&#8221;][et_pb_column type=&#8221;4_4&#8243; _builder_version=&#8221;4.27.5&#8243; _module_preset=&#8221;default&#8221; global_colors_info=&#8221;{}&#8221;][et_pb_text _builder_version=&#8221;4.27.5&#8243; _module_preset=&#8221;default&#8221; global_colors_info=&#8221;{}&#8221;]<\/p>\n<h3>Bottom Seal Bags<\/h3>\n<p>[\/et_pb_text][\/et_pb_column][\/et_pb_row][et_pb_row column_structure=&#8221;1_4,1_4,1_4,1_4&#8243; _builder_version=&#8221;4.27.5&#8243; _module_preset=&#8221;default&#8221; global_colors_info=&#8221;{}&#8221;][et_pb_column type=&#8221;1_4&#8243; _builder_version=&#8221;4.27.5&#8243; _module_preset=&#8221;default&#8221; global_colors_info=&#8221;{}&#8221;][et_pb_image src=&#8221;https:\/\/www.lechita.de\/wp-content\/uploads\/round-arc-bottom-seal.svg&#8221; title_text=&#8221;round-arc-bottom-seal&#8221; _builder_version=&#8221;4.27.5&#8243; _module_preset=&#8221;default&#8221; global_colors_info=&#8221;{}&#8221;][\/et_pb_image][\/et_pb_column][et_pb_column type=&#8221;1_4&#8243; _builder_version=&#8221;4.27.5&#8243; _module_preset=&#8221;default&#8221; global_colors_info=&#8221;{}&#8221;][et_pb_image src=&#8221;https:\/\/www.lechita.de\/wp-content\/uploads\/v-bottom-seal-2.svg&#8221; title_text=&#8221;v-bottom-seal&#8221; _builder_version=&#8221;4.27.5&#8243; _module_preset=&#8221;default&#8221; global_colors_info=&#8221;{}&#8221;][\/et_pb_image][\/et_pb_column][et_pb_column type=&#8221;1_4&#8243; _builder_version=&#8221;4.27.5&#8243; _module_preset=&#8221;default&#8221; global_colors_info=&#8221;{}&#8221;][et_pb_image src=&#8221;https:\/\/www.lechita.de\/wp-content\/uploads\/straight-bottom-seal.svg&#8221; title_text=&#8221;straight-bottom-seal&#8221; _builder_version=&#8221;4.27.5&#8243; _module_preset=&#8221;default&#8221; global_colors_info=&#8221;{}&#8221;][\/et_pb_image][\/et_pb_column][et_pb_column type=&#8221;1_4&#8243; _builder_version=&#8221;4.27.5&#8243; _module_preset=&#8221;default&#8221; global_colors_info=&#8221;{}&#8221;][et_pb_image src=&#8221;https:\/\/www.lechita.de\/wp-content\/uploads\/boomerang-seal-1.svg&#8221; title_text=&#8221;boomerang-seal&#8221; _builder_version=&#8221;4.27.5&#8243; _module_preset=&#8221;default&#8221; global_colors_info=&#8221;{}&#8221;][\/et_pb_image][\/et_pb_column][\/et_pb_row][et_pb_row column_structure=&#8221;1_3,1_3,1_3&#8243; _builder_version=&#8221;4.27.5&#8243; _module_preset=&#8221;default&#8221; global_colors_info=&#8221;{}&#8221;][et_pb_column type=&#8221;1_3&#8243; _builder_version=&#8221;4.27.5&#8243; _module_preset=&#8221;default&#8221; global_colors_info=&#8221;{}&#8221;][et_pb_image src=&#8221;https:\/\/www.lechita.de\/wp-content\/uploads\/round-arc-bottom-seal-on-tape.svg&#8221; title_text=&#8221;round-arc-bottom-seal-on-tape&#8221; _builder_version=&#8221;4.27.5&#8243; _module_preset=&#8221;default&#8221; global_colors_info=&#8221;{}&#8221;][\/et_pb_image][\/et_pb_column][et_pb_column type=&#8221;1_3&#8243; _builder_version=&#8221;4.27.5&#8243; _module_preset=&#8221;default&#8221; global_colors_info=&#8221;{}&#8221;][et_pb_image src=&#8221;https:\/\/www.lechita.de\/wp-content\/uploads\/bag-on-tape-and-on-roll-with-core-1.svg&#8221; title_text=&#8221;bag-on-tape-and-on-roll-with-core&#8221; _builder_version=&#8221;4.27.5&#8243; _module_preset=&#8221;default&#8221; global_colors_info=&#8221;{}&#8221;][\/et_pb_image][\/et_pb_column][et_pb_column type=&#8221;1_3&#8243; _builder_version=&#8221;4.27.5&#8243; _module_preset=&#8221;default&#8221; global_colors_info=&#8221;{}&#8221;][et_pb_image src=&#8221;https:\/\/www.lechita.de\/wp-content\/uploads\/bag-on-a-roll-with-no-core-1.svg&#8221; title_text=&#8221;bag-on-a-roll-with-no-core&#8221; _builder_version=&#8221;4.27.5&#8243; _module_preset=&#8221;default&#8221; global_colors_info=&#8221;{}&#8221;][\/et_pb_image][\/et_pb_column][\/et_pb_row][et_pb_row column_structure=&#8221;1_3,1_3,1_3&#8243; _builder_version=&#8221;4.27.5&#8243; _module_preset=&#8221;default&#8221; global_colors_info=&#8221;{}&#8221;][et_pb_column type=&#8221;1_3&#8243; _builder_version=&#8221;4.27.5&#8243; _module_preset=&#8221;default&#8221; global_colors_info=&#8221;{}&#8221;][et_pb_image src=&#8221;https:\/\/www.lechita.de\/wp-content\/uploads\/bullet-seal-1.svg&#8221; title_text=&#8221;bullet-seal&#8221; _builder_version=&#8221;4.27.5&#8243; _module_preset=&#8221;default&#8221; global_colors_info=&#8221;{}&#8221;][\/et_pb_image][\/et_pb_column][et_pb_column type=&#8221;1_3&#8243; _builder_version=&#8221;4.27.5&#8243; _module_preset=&#8221;default&#8221; global_colors_info=&#8221;{}&#8221;][et_pb_image src=&#8221;https:\/\/www.lechita.de\/wp-content\/uploads\/bullet-seal.jpg&#8221; title_text=&#8221;bullet-seal&#8221; _builder_version=&#8221;4.27.5&#8243; _module_preset=&#8221;default&#8221; global_colors_info=&#8221;{}&#8221;][\/et_pb_image][\/et_pb_column][et_pb_column type=&#8221;1_3&#8243; _builder_version=&#8221;4.27.5&#8243; _module_preset=&#8221;default&#8221; global_colors_info=&#8221;{}&#8221;][\/et_pb_column][\/et_pb_row][\/et_pb_section][et_pb_section fb_built=&#8221;1&#8243; disabled_on=&#8221;off|off|off&#8221; _builder_version=&#8221;4.27.5&#8243; _module_preset=&#8221;default&#8221; collapsed=&#8221;off&#8221; global_colors_info=&#8221;{}&#8221;][et_pb_row column_structure=&#8221;1_2,1_2&#8243; module_id=&#8221;sondermaschinenbau&#8221; _builder_version=&#8221;4.16&#8243; _module_preset=&#8221;default&#8221; global_colors_info=&#8221;{}&#8221;][et_pb_column type=&#8221;1_2&#8243; _builder_version=&#8221;4.16&#8243; _module_preset=&#8221;default&#8221; global_colors_info=&#8221;{}&#8221;][et_pb_text admin_label=&#8221;Hohe Flexibilit\u00e4t&#8221; _builder_version=&#8221;4.16&#8243; _module_preset=&#8221;default&#8221; global_colors_info=&#8221;{}&#8221;]<\/p>\n<h3>High flexibility<\/h3>\n<p>The flexibility of the machines allows the production of a wide range of bags such as:<\/p>\n<ul>\n<li>Side seal bag<\/li>\n<li>Round bottom seal bag<\/li>\n<li>V-shape bags<\/li>\n<li>Straight bottom seam<\/li>\n<\/ul>\n<p>The machines can also produce (single or double) bags on adhesive tapes.<br \/>\n[\/et_pb_text][et_pb_button button_url=&#8221;https:\/\/www.lechita.de\/en\/contact\/&#8221; button_text=&#8221;Request now&#8221; button_alignment=&#8221;left&#8221; admin_label=&#8221;Button: Kontakt aufnehmen&#8221; _builder_version=&#8221;4.16&#8243; _module_preset=&#8221;default&#8221; global_colors_info=&#8221;{}&#8221;][\/et_pb_button][\/et_pb_column][et_pb_column type=&#8221;1_2&#8243; _builder_version=&#8221;4.16&#8243; _module_preset=&#8221;default&#8221; global_colors_info=&#8221;{}&#8221;][et_pb_text admin_label=&#8221;Individuelle L\u00f6sungen&#8221; _builder_version=&#8221;4.16&#8243; _module_preset=&#8221;default&#8221; global_colors_info=&#8221;{}&#8221;]<\/p>\n<h3 style=\"text-align: left;\">Individual solutions<\/h3>\n<p style=\"text-align: left;\">DC has been advising companies on customised packaging solutions for decades. We have been working successfully with the machine manufacturer Lechita for many years.<\/p>\n<p style=\"text-align: left;\">By working directly on site, we are able to offer our customers very individual packaging machines and packaging solutions that are optimised for the process.<\/p>\n<p style=\"text-align: left;\">This results in high quality and effective machines such as shrink bag machines that can produce recyclable high barrier shrink bags and vacuum bags for food industry. The bags consist of several layers (5-13 layers) which extend the shelf life of products such as meat, cheese, poultry and fish many times over (second skin).<\/p>\n<p>[\/et_pb_text][\/et_pb_column][\/et_pb_row][\/et_pb_section]<\/p>\n","protected":false},"excerpt":{"rendered":"<p>SHBM 1050 DC Barrier Shrink Bag MachineThe SHBM is compatible with all sealable multilayer shrink films and also supports printed films and bag production on tape. The machine is built around a main drive unit equipped with a control board and touchscreen panel, featuring an integrated edge guide system. It includes a sealing unit, a [&hellip;]<\/p>\n","protected":false},"author":10,"featured_media":0,"parent":1999,"menu_order":1,"comment_status":"closed","ping_status":"closed","template":"","meta":{"_et_pb_use_builder":"on","_et_pb_old_content":"","_et_gb_content_width":"","inline_featured_image":false,"footnotes":""},"class_list":["post-3496","page","type-page","status-publish","hentry"],"yoast_head":"<!-- This site is optimized with the Yoast SEO plugin v27.3 - https:\/\/yoast.com\/product\/yoast-seo-wordpress\/ -->\n<title>SHBM 1050 DC - DC - Jochen Dold<\/title>\n<meta name=\"robots\" content=\"index, follow, max-snippet:-1, max-image-preview:large, max-video-preview:-1\" \/>\n<link rel=\"canonical\" href=\"https:\/\/www.lechita.de\/en\/lechita-machines\/shbm-1050-dc\/\" \/>\n<meta property=\"og:locale\" content=\"en_US\" \/>\n<meta property=\"og:type\" content=\"article\" \/>\n<meta property=\"og:title\" content=\"SHBM 1050 DC - DC - Jochen Dold\" \/>\n<meta property=\"og:description\" content=\"SHBM 1050 DC Barrier Shrink Bag MachineThe SHBM is compatible with all sealable multilayer shrink films and also supports printed films and bag production on tape. The machine is built around a main drive unit equipped with a control board and touchscreen panel, featuring an integrated edge guide system. It includes a sealing unit, a [&hellip;]\" \/>\n<meta property=\"og:url\" content=\"https:\/\/www.lechita.de\/en\/lechita-machines\/shbm-1050-dc\/\" \/>\n<meta property=\"og:site_name\" content=\"DC - Jochen Dold\" \/>\n<meta property=\"article:modified_time\" content=\"2026-03-11T08:42:48+00:00\" \/>\n<meta name=\"twitter:card\" content=\"summary_large_image\" \/>\n<meta name=\"twitter:label1\" content=\"Est. reading time\" \/>\n\t<meta name=\"twitter:data1\" content=\"10 minutes\" \/>\n<script type=\"application\/ld+json\" class=\"yoast-schema-graph\">{\"@context\":\"https:\\\/\\\/schema.org\",\"@graph\":[{\"@type\":\"WebPage\",\"@id\":\"https:\\\/\\\/www.lechita.de\\\/en\\\/lechita-machines\\\/shbm-1050-dc\\\/\",\"url\":\"https:\\\/\\\/www.lechita.de\\\/en\\\/lechita-machines\\\/shbm-1050-dc\\\/\",\"name\":\"SHBM 1050 DC - DC - Jochen Dold\",\"isPartOf\":{\"@id\":\"https:\\\/\\\/www.lechita.de\\\/en\\\/#website\"},\"datePublished\":\"2026-03-11T06:56:29+00:00\",\"dateModified\":\"2026-03-11T08:42:48+00:00\",\"breadcrumb\":{\"@id\":\"https:\\\/\\\/www.lechita.de\\\/en\\\/lechita-machines\\\/shbm-1050-dc\\\/#breadcrumb\"},\"inLanguage\":\"en-US\",\"potentialAction\":[{\"@type\":\"ReadAction\",\"target\":[\"https:\\\/\\\/www.lechita.de\\\/en\\\/lechita-machines\\\/shbm-1050-dc\\\/\"]}]},{\"@type\":\"BreadcrumbList\",\"@id\":\"https:\\\/\\\/www.lechita.de\\\/en\\\/lechita-machines\\\/shbm-1050-dc\\\/#breadcrumb\",\"itemListElement\":[{\"@type\":\"ListItem\",\"position\":1,\"name\":\"Startseite\",\"item\":\"https:\\\/\\\/www.lechita.de\\\/en\\\/\"},{\"@type\":\"ListItem\",\"position\":2,\"name\":\"Lechita machines\",\"item\":\"https:\\\/\\\/www.lechita.de\\\/en\\\/lechita-machines\\\/\"},{\"@type\":\"ListItem\",\"position\":3,\"name\":\"SHBM 1050 DC\"}]},{\"@type\":\"WebSite\",\"@id\":\"https:\\\/\\\/www.lechita.de\\\/en\\\/#website\",\"url\":\"https:\\\/\\\/www.lechita.de\\\/en\\\/\",\"name\":\"DC - Jochen Dold\",\"description\":\"Beratung und Vertrieb von Verpackungsmaschinen\",\"potentialAction\":[{\"@type\":\"SearchAction\",\"target\":{\"@type\":\"EntryPoint\",\"urlTemplate\":\"https:\\\/\\\/www.lechita.de\\\/en\\\/?s={search_term_string}\"},\"query-input\":{\"@type\":\"PropertyValueSpecification\",\"valueRequired\":true,\"valueName\":\"search_term_string\"}}],\"inLanguage\":\"en-US\"}]}<\/script>\n<!-- \/ Yoast SEO plugin. -->","yoast_head_json":{"title":"SHBM 1050 DC - DC - Jochen Dold","robots":{"index":"index","follow":"follow","max-snippet":"max-snippet:-1","max-image-preview":"max-image-preview:large","max-video-preview":"max-video-preview:-1"},"canonical":"https:\/\/www.lechita.de\/en\/lechita-machines\/shbm-1050-dc\/","og_locale":"en_US","og_type":"article","og_title":"SHBM 1050 DC - DC - Jochen Dold","og_description":"SHBM 1050 DC Barrier Shrink Bag MachineThe SHBM is compatible with all sealable multilayer shrink films and also supports printed films and bag production on tape. The machine is built around a main drive unit equipped with a control board and touchscreen panel, featuring an integrated edge guide system. It includes a sealing unit, a [&hellip;]","og_url":"https:\/\/www.lechita.de\/en\/lechita-machines\/shbm-1050-dc\/","og_site_name":"DC - Jochen Dold","article_modified_time":"2026-03-11T08:42:48+00:00","twitter_card":"summary_large_image","twitter_misc":{"Est. reading time":"10 minutes"},"schema":{"@context":"https:\/\/schema.org","@graph":[{"@type":"WebPage","@id":"https:\/\/www.lechita.de\/en\/lechita-machines\/shbm-1050-dc\/","url":"https:\/\/www.lechita.de\/en\/lechita-machines\/shbm-1050-dc\/","name":"SHBM 1050 DC - DC - Jochen Dold","isPartOf":{"@id":"https:\/\/www.lechita.de\/en\/#website"},"datePublished":"2026-03-11T06:56:29+00:00","dateModified":"2026-03-11T08:42:48+00:00","breadcrumb":{"@id":"https:\/\/www.lechita.de\/en\/lechita-machines\/shbm-1050-dc\/#breadcrumb"},"inLanguage":"en-US","potentialAction":[{"@type":"ReadAction","target":["https:\/\/www.lechita.de\/en\/lechita-machines\/shbm-1050-dc\/"]}]},{"@type":"BreadcrumbList","@id":"https:\/\/www.lechita.de\/en\/lechita-machines\/shbm-1050-dc\/#breadcrumb","itemListElement":[{"@type":"ListItem","position":1,"name":"Startseite","item":"https:\/\/www.lechita.de\/en\/"},{"@type":"ListItem","position":2,"name":"Lechita machines","item":"https:\/\/www.lechita.de\/en\/lechita-machines\/"},{"@type":"ListItem","position":3,"name":"SHBM 1050 DC"}]},{"@type":"WebSite","@id":"https:\/\/www.lechita.de\/en\/#website","url":"https:\/\/www.lechita.de\/en\/","name":"DC - Jochen Dold","description":"Beratung und Vertrieb von Verpackungsmaschinen","potentialAction":[{"@type":"SearchAction","target":{"@type":"EntryPoint","urlTemplate":"https:\/\/www.lechita.de\/en\/?s={search_term_string}"},"query-input":{"@type":"PropertyValueSpecification","valueRequired":true,"valueName":"search_term_string"}}],"inLanguage":"en-US"}]}},"_links":{"self":[{"href":"https:\/\/www.lechita.de\/en\/wp-json\/wp\/v2\/pages\/3496","targetHints":{"allow":["GET"]}}],"collection":[{"href":"https:\/\/www.lechita.de\/en\/wp-json\/wp\/v2\/pages"}],"about":[{"href":"https:\/\/www.lechita.de\/en\/wp-json\/wp\/v2\/types\/page"}],"author":[{"embeddable":true,"href":"https:\/\/www.lechita.de\/en\/wp-json\/wp\/v2\/users\/10"}],"replies":[{"embeddable":true,"href":"https:\/\/www.lechita.de\/en\/wp-json\/wp\/v2\/comments?post=3496"}],"version-history":[{"count":2,"href":"https:\/\/www.lechita.de\/en\/wp-json\/wp\/v2\/pages\/3496\/revisions"}],"predecessor-version":[{"id":3498,"href":"https:\/\/www.lechita.de\/en\/wp-json\/wp\/v2\/pages\/3496\/revisions\/3498"}],"up":[{"embeddable":true,"href":"https:\/\/www.lechita.de\/en\/wp-json\/wp\/v2\/pages\/1999"}],"wp:attachment":[{"href":"https:\/\/www.lechita.de\/en\/wp-json\/wp\/v2\/media?parent=3496"}],"curies":[{"name":"wp","href":"https:\/\/api.w.org\/{rel}","templated":true}]}}